{"id":12722,"date":"2025-01-07T12:38:26","date_gmt":"2025-01-07T12:38:26","guid":{"rendered":"https:\/\/baticlick.com\/?page_id=12722"},"modified":"2025-05-22T13:17:26","modified_gmt":"2025-05-22T13:17:26","slug":"commission-agreement","status":"publish","type":"page","link":"https:\/\/baticlick.com\/fr\/commission-agreement\/","title":{"rendered":"Accord de la Commission"},"content":{"rendered":"<div data-elementor-type=\"wp-page\" data-elementor-id=\"12722\" class=\"elementor elementor-12722\" data-elementor-post-type=\"page\">\n\t\t\t\t<div class=\"elementor-element elementor-element-7b25dcb e-con-full e-flex e-con e-parent\" data-id=\"7b25dcb\" data-element_type=\"container\" data-e-type=\"container\" data-settings=\"{&quot;background_background&quot;:&quot;classic&quot;}\">\n\t\t\t\t<\/div>\n\t\t<div class=\"elementor-element elementor-element-21a723d e-flex e-con-boxed e-con e-parent\" data-id=\"21a723d\" data-element_type=\"container\" data-e-type=\"container\">\n\t\t\t\t\t<div class=\"e-con-inner\">\n\t\t\t\t<div class=\"elementor-element elementor-element-89ca761 elementor-widget elementor-widget-heading\" data-id=\"89ca761\" data-element_type=\"widget\" data-e-type=\"widget\" data-widget_type=\"heading.default\">\n\t\t\t\t<div class=\"elementor-widget-container\">\n\t\t\t\t\t<h2 class=\"elementor-heading-title elementor-size-default\">Accord de la Commission<\/h2>\t\t\t\t<\/div>\n\t\t\t\t<\/div>\n\t\t\t\t\t<\/div>\n\t\t\t\t<\/div>\n\t\t<div class=\"elementor-element elementor-element-e41beaa e-flex e-con-boxed e-con e-parent\" data-id=\"e41beaa\" data-element_type=\"container\" data-e-type=\"container\" data-settings=\"{&quot;background_background&quot;:&quot;classic&quot;}\">\n\t\t\t\t\t<div class=\"e-con-inner\">\n\t\t<div class=\"elementor-element elementor-element-76efb35 e-con-full e-flex e-con e-child\" data-id=\"76efb35\" data-element_type=\"container\" data-e-type=\"container\" data-settings=\"{&quot;background_background&quot;:&quot;classic&quot;}\">\n\t\t\t\t<div class=\"elementor-element elementor-element-19d3b31 elementor-widget elementor-widget-image\" data-id=\"19d3b31\" data-element_type=\"widget\" data-e-type=\"widget\" data-widget_type=\"image.default\">\n\t\t\t\t<div class=\"elementor-widget-container\">\n\t\t\t\t\t\t\t\t\t\t\t\t\t\t\t<img fetchpriority=\"high\" decoding=\"async\" width=\"612\" height=\"408\" src=\"https:\/\/baticlick.com\/wp-content\/uploads\/2025\/01\/istockphoto-185258639-612x612-1.jpg\" class=\"attachment-large size-large wp-image-12649\" alt=\"\" srcset=\"https:\/\/baticlick.com\/wp-content\/uploads\/2025\/01\/istockphoto-185258639-612x612-1.jpg 612w, https:\/\/baticlick.com\/wp-content\/uploads\/2025\/01\/istockphoto-185258639-612x612-1-600x400.jpg 600w, https:\/\/baticlick.com\/wp-content\/uploads\/2025\/01\/istockphoto-185258639-612x612-1-300x200.jpg 300w, https:\/\/baticlick.com\/wp-content\/uploads\/2025\/01\/istockphoto-185258639-612x612-1-18x12.jpg 18w\" sizes=\"(max-width: 612px) 100vw, 612px\" \/>\t\t\t\t\t\t\t\t\t\t\t\t\t\t\t<\/div>\n\t\t\t\t<\/div>\n\t\t\t\t<div class=\"elementor-element elementor-element-7848b62 elementor-widget elementor-widget-text-editor\" data-id=\"7848b62\" data-element_type=\"widget\" data-e-type=\"widget\" data-widget_type=\"text-editor.default\">\n\t\t\t\t<div class=\"elementor-widget-container\">\n\t\t\t\t\t\t\t\t\t<p><strong>C<\/strong><strong>ACCORD DE COMMISSION<\/strong><\/p><p>Le pr\u00e9sent accord de commission (\"accord\") est conclu entre vous, \u00e0 titre personnel ou au nom d'une entit\u00e9 (\"vous\") et <strong>Baticlick\u00a0<\/strong>(\"nous\", \"notre\" ou \"nos\"), ci-apr\u00e8s d\u00e9nomm\u00e9 \"le\".<strong>BTC<\/strong>\".<\/p><p>Le vendeur\/l'organisation et la CTB sont d\u00e9sign\u00e9s dans les pr\u00e9sentes par le terme \"partie\" et collectivement par le terme \"parties\".<\/p><p>CONSID\u00c9RANT que la CTB est un site de vente en ligne qui r\u00e9pertorie et commercialise les produits et services du vendeur sur sa plateforme (<a href=\"https:\/\/www.myecobestfriend.com\/\">www.baticlick.com<\/a>)\u00a0<strong>\"Site web\".<\/strong><\/p><p>CONSID\u00c9RANT que le vendeur souhaite que la CTB r\u00e9pertorie, commercialise et promeuve ses produits et services \u00e0 partir de et via son site web (<a href=\"https:\/\/www.myecobestfriend.com\/\">www.baticlick.com<\/a>), et par lequel les clients, ayant acc\u00e8s au site, pourront commander les produits du vendeur.<\/p><p>C'est pourquoi, en consid\u00e9ration des promesses mutuelles contenues dans le pr\u00e9sent document, les parties, d\u00e9sireuses d'\u00eatre l\u00e9galement li\u00e9es, conviennent de ce qui suit :<\/p><p><strong>AUTORISATION DE VENTE\/ORGANISATIONS.<\/strong><\/p><p>Le vendeur autorise la CTB \u00e0 r\u00e9pertorier, commercialiser et servir d'interm\u00e9diaire entre le vendeur et ses clients, et \u00e0 recevoir des commandes pour les produits et services r\u00e9pertori\u00e9s du vendeur, et \u00e0 demander un devis au vendeur pour le compte du client.<\/p><p>L'organisation autorise la CTB \u00e0 servir d'interm\u00e9diaire entre l'organisation et les donateurs, et \u00e0 recevoir les dons des donateurs en son nom.<\/p><p>La CTB s'identifiera comme un interm\u00e9diaire d\u00fbment autoris\u00e9 par le vendeur \/ l'organisation pour la vente de produits et de services et la r\u00e9ception de dons.<\/p><p><strong>OBLIGATION DU VENDEUR \/ DE L'ORGANISATION.<\/strong><\/p><p>Les organisations doivent clairement indiquer l'objet du don et le montant total \u00e0 donner ; elles doivent permettre \u00e0 la CTB de recevoir les fonds de leurs donateurs par l'interm\u00e9diaire de la plateforme de la CTB, fonds qui seront remis \u00e0 l'organisation \u00e0 la fin de la p\u00e9riode de don.<\/p><p>Le vendeur fixe les prix de ses produits et services figurant dans la boutique en ligne de la CTB.<\/p><p>Le vendeur mettra \u00e0 disposition sur sa page de vente : les conditions de vente de ses produits et services, la politique de retour et de remboursement pour tous les produits et services list\u00e9s.<\/p><p>Le vendeur s'engage \u00e0 ce que tous les produits et services figurant sur la boutique en ligne de la CTB soient disponibles \u00e0 l'achat et \u00e0 ce que le vendeur soit le seul propri\u00e9taire des produits et services figurant sur la liste, et \u00e0 ce que ces produits et services ne fassent pas l'objet de droits ou de restrictions de la part de tiers, y compris en ce qui concerne les droits de propri\u00e9t\u00e9 intellectuelle de tiers et\/ou toute enqu\u00eate ou proc\u00e9dure criminelle, d'insolvabilit\u00e9 ou fiscale.<\/p><p>Si le vendeur propose les m\u00eames produits et services sur une autre boutique en ligne, le prix propos\u00e9 sur la boutique en ligne de la CTB ne doit pas \u00eatre plus \u00e9lev\u00e9 que celui des autres boutiques en ligne proposant les m\u00eames produits et services.<\/p><p>Le vendeur est responsable de toutes les activit\u00e9s impliquant les clients du vendeur, y compris : l'\u00e9tablissement d'une liste de produits et de services disponibles \u00e0 l'achat, la cr\u00e9ation et la gestion de magasins, l'accord sur les conditions de livraison et d'exp\u00e9dition avec les clients, la gestion des stocks, la politique de retour et de remboursement pour tous les produits et services.<\/p><p>Le vendeur indiquera \u00e9galement clairement sur sa page de vente les jours ouvrables du vendeur, y compris les heures d'ouverture et de fermeture. Le vendeur doit s'assurer que tous les horaires indiqu\u00e9s sont corrects et qu'ils seront strictement respect\u00e9s.<\/p><p>Le vendeur veillera \u00e0 r\u00e9pondre rapidement \u00e0 tous les messages, demandes de commande, demandes de devis, au plus tard dans les d\u00e9lais suivants\u00a0<strong>3 heures<\/strong>\u00a0\u00e0 compter de la date d'envoi de la demande si celle-ci est effectu\u00e9e pendant les heures de travail et veille \u00e0 ce que tous les produits et services achet\u00e9s soient exp\u00e9di\u00e9s et re\u00e7us par les clients dans un d\u00e9lai maximum de 5 jours ouvrables.<\/p><p>Si le vendeur enfreint de mani\u00e8re r\u00e9p\u00e9t\u00e9e l'une des obligations susmentionn\u00e9es, Baticlick se r\u00e9serve le droit de suspendre ou de retirer le vendeur, et de supprimer ou de d\u00e9publier les produits et services list\u00e9s par le vendeur sans en avertir ce dernier.<\/p><p>Cette section d\u00e9crit les conditions d'obtention et de calcul de la commission de la CTB. Le vendeur doit payer\u00a0<strong>Baticlick<\/strong> une commission pour l'acc\u00e8s aux acheteurs. Baticlick a le droit d'ajuster les frais de commission \u00e0 tout moment avec un d\u00e9lai de pr\u00e9avis de <strong>30 jours.<\/strong><\/p><p>Dans cette section, Baticlick recevra une commission sur cette base : Ventes de produits et services, Demandes de devis et Dons.<\/p><p><strong>Vente de produits et de services :<\/strong> Les services comprendront \u00e9galement les ench\u00e8res, les r\u00e9servations et les locations. Baticlick gagnera <strong>10%<\/strong>\u00a0les commissions sur les ventes de produits et de services (y compris les frais, les charges, les co\u00fbts d'emballage, mais \u00e0 l'exclusion des frais d'exp\u00e9dition et de la TVA).<\/p><p>Les frais de commission s'appliquent \u00e0 tous les contrats d'achat que le vendeur conclut avec des acheteurs sur les boutiques en ligne. Les frais de commission ne s'appliquent pas si le contrat d'achat entre l'acheteur et le vendeur est ensuite r\u00e9sili\u00e9 par consentement mutuel ou si l'acheteur ne paie pas le prix d'achat, contrairement \u00e0 son obligation de le faire.<\/p><p><strong>Demande de devis :<\/strong> Si un client demande un devis par l'entremise de la boutique en ligne Baticlick, il devient automatiquement un client de Baticlick et le Vendeur doit passer par Baticlick pour offrir le service au client. Le vendeur n'est pas autoris\u00e9 \u00e0 faire des affaires avec le client en dehors de la boutique en ligne de Baticlick en ce qui concerne le type de produit ou de service pour lequel le client a fait une demande de devis par l'interm\u00e9diaire de Baticlick. Si le vendeur ne respecte pas cette condition de faire affaire avec le client de Baticlick \u00e0 l'ext\u00e9rieur de la plateforme, Baticlick pourrait poursuivre le vendeur pour rupture de contrat.<\/p><p>Baticlick est responsable de la collecte des diverses donn\u00e9es requises par le vendeur avant qu'un devis puisse \u00eatre propos\u00e9. Si des rencontres en personne sont n\u00e9cessaires ou si le vendeur doit s'entretenir directement avec l'acheteur, Baticlick doit en \u00eatre inform\u00e9 au pr\u00e9alable et donner son accord. Baticlick ne peut \u00e9galement autoriser une telle communication entre l'acheteur et le vendeur que si un repr\u00e9sentant de Baticlick est \u00e9galement pr\u00e9sent et impliqu\u00e9 dans le processus.<\/p><p>Une fois le premier devis effectu\u00e9, le Vendeur doit payer 10% de la valeur de ce devis, Baticlick fournira alors au Vendeur les coordonn\u00e9es du client une fois le paiement de cette commission re\u00e7u.<\/p><p>Le vendeur doit fournir une valeur contractuelle finale dans un d\u00e9lai de\u00a0<strong>30 jours.<\/strong> Dans le cas o\u00f9 aucun contrat n'a \u00e9t\u00e9 sign\u00e9, ni aucune transaction effectu\u00e9e entre le Vendeur et le Client, Baticlick remboursera la moiti\u00e9 de la commission 10% pay\u00e9e par le Vendeur au Vendeur et l'autre moiti\u00e9 de la commission 10% sera conserv\u00e9e pour Baticlick.<\/p><p><strong>Donation :<\/strong>\u00a0Lorsque les dons sont effectu\u00e9s par l'interm\u00e9diaire de <strong>Baticlick<\/strong>La CTB a le droit de <strong>10%<\/strong> de l'argent total donn\u00e9 par l'interm\u00e9diaire de la plateforme. Baticlick d\u00e9duira 10% du montant total des dons avant de remettre les fonds \u00e0 l'organisation \u00e0 but non lucratif.<\/p><p>Le droit \u00e0 une commission prend effet lorsque la vente de produits et de services, les contrats achet\u00e9s et les dons sont conclus entre les parties concern\u00e9es.<\/p><p>Le vendeur peut autoriser Baticlick \u00e0 g\u00e9rer la boutique pour le compte du vendeur, ce qui signifie que la gestion des commandes et la cr\u00e9ation des produits seront effectu\u00e9es par Baticlick, et que le vendeur ne sera responsable que de l'exp\u00e9dition et de toute question li\u00e9e \u00e0 la TVA ou \u00e0 la comptabilit\u00e9 \u00e0 partir du moment o\u00f9 une demande de commande est envoy\u00e9e au vendeur. Dans le cadre de ce service, Baticlick facturera une commission suppl\u00e9mentaire de 10% en plus de la commission existante de 10%. Ce service est facultatif et le Vendeur peut contacter Baticlick si un tel service est requis de la part de Baticlick.<\/p><p><strong>RELATION ENTRE LE VENDEUR ET LE MEBF.<\/strong><\/p><p>Le vendeur engage Baticlick uniquement dans le but de r\u00e9pertorier, commercialiser et servir d'interm\u00e9diaire entre le vendeur et ses clients et de recevoir des commandes pour les produits et services r\u00e9pertori\u00e9s du vendeur, des dons et des demandes de devis pour le compte du vendeur, comme indiqu\u00e9 \u00e0 l'article 1 de la pr\u00e9sente convention. Baticlick ne peut conclure des contrats et\/ou des ententes au nom du Vendeur que dans le cadre de la vente des produits et services \u00e9num\u00e9r\u00e9s. Baticlick ne peut autrement engager le Vendeur dans d'autres obligations, quelles qu'elles soient, sans l'autorisation distincte du Vendeur.<\/p><p><strong>INFORMATIONS CONFIDENTIELLES ; PUBLICIT\u00c9.<\/strong><\/p><p>Baticlick s'engage, et demandera \u00e0 ses affili\u00e9s et employ\u00e9s, (a) de prot\u00e9ger et de ne pas divulguer les informations identifi\u00e9es comme confidentielles ou qui devraient raisonnablement \u00eatre consid\u00e9r\u00e9es comme confidentielles par le vendeur ; (b) d'utiliser ces informations uniquement pour remplir ses obligations dans le cadre de la pr\u00e9sente convention ; la pr\u00e9sente section 5 couvre toutes les informations confidentielles, quel que soit le moment o\u00f9 elles ont \u00e9t\u00e9 re\u00e7ues.<\/p><p><strong>D\u00c9CLARATIONS ET GARANTIES.<\/strong><\/p><p>Les deux parties d\u00e9clarent qu'elles sont pleinement autoris\u00e9es \u00e0 conclure le pr\u00e9sent accord. L'ex\u00e9cution et les obligations de l'une ou l'autre partie ne violeront pas les droits d'un tiers, ni n'enfreindront un autre accord entre les parties, \u00e0 titre individuel, et toute autre personne, organisation ou entreprise, ni aucune loi ou r\u00e9glementation gouvernementale.<\/p><p>Si une disposition du pr\u00e9sent accord est jug\u00e9e invalide ou inapplicable, en tout ou en partie, cette partie sera dissoci\u00e9e du reste de l'accord et toutes les autres dispositions resteront en vigueur et de plein effet, car elles sont valides et applicables.<\/p><p>Le fait que l'une ou l'autre des parties n'exerce pas un droit, un pouvoir ou un privil\u00e8ge en vertu des dispositions du pr\u00e9sent accord ne sera pas interpr\u00e9t\u00e9 comme une renonciation \u00e0 l'exercice ult\u00e9rieur ou futur de ce droit, de ce pouvoir ou de ce privil\u00e8ge ou \u00e0 l'exercice d'un autre droit, d'un autre pouvoir ou d'un autre privil\u00e8ge.<\/p><p><strong>ACCORD L\u00c9GAL ET CONTRAIGNANT.<\/strong><\/p><p>Le pr\u00e9sent accord est l\u00e9gal et contraignant entre les parties comme indiqu\u00e9 ci-dessus. Le pr\u00e9sent accord peut \u00eatre conclu et est l\u00e9gal et contraignant en Suisse et dans toute l'Europe. Les parties d\u00e9clarent qu'elles ont le pouvoir de conclure le pr\u00e9sent accord.<\/p><p><strong>DROIT APPLICABLE ET JURIDICTION<\/strong><\/p><p>Les pr\u00e9sentes conditions de la Commission sont r\u00e9gies et interpr\u00e9t\u00e9es conform\u00e9ment au droit suisse.<\/p><p>Tout litige relatif aux pr\u00e9sentes conditions g\u00e9n\u00e9rales rel\u00e8ve de la comp\u00e9tence exclusive des tribunaux suisses.<\/p><p>En s'enregistrant et en s'inscrivant sur le site web \"<a href=\"https:\/\/www.myecobestfriend.com\/\">www.baticlick.com<\/a>\"vous acceptez par la pr\u00e9sente les termes et conditions \u00e9nonc\u00e9s ci-dessus.<\/p>\t\t\t\t\t\t\t\t<\/div>\n\t\t\t\t<\/div>\n\t\t\t\t<div class=\"elementor-element elementor-element-add4bb9 elementor-align-center elementor-widget elementor-widget-button\" data-id=\"add4bb9\" data-element_type=\"widget\" data-e-type=\"widget\" data-widget_type=\"button.default\">\n\t\t\t\t<div class=\"elementor-widget-container\">\n\t\t\t\t\t\t\t\t\t<div class=\"elementor-button-wrapper\">\n\t\t\t\t\t<a class=\"elementor-button elementor-button-link elementor-size-sm\" href=\"https:\/\/baticlick.com\/fr\/terms-and-conditions\/\">\n\t\t\t\t\t\t<span class=\"elementor-button-content-wrapper\">\n\t\t\t\t\t\t\t\t\t<span class=\"elementor-button-text\">En savoir plus sur les conditions g\u00e9n\u00e9rales de Baticlick<\/span>\n\t\t\t\t\t<\/span>\n\t\t\t\t\t<\/a>\n\t\t\t\t<\/div>\n\t\t\t\t\t\t\t\t<\/div>\n\t\t\t\t<\/div>\n\t\t\t\t<\/div>\n\t\t\t\t\t<\/div>\n\t\t\t\t<\/div>\n\t\t<div class=\"elementor-element elementor-element-f89dbeb e-con-full e-flex e-con e-parent\" data-id=\"f89dbeb\" data-element_type=\"container\" data-e-type=\"container\" data-settings=\"{&quot;background_background&quot;:&quot;classic&quot;,&quot;shape_divider_bottom&quot;:&quot;mountains&quot;}\">\n\t\t\t\t<div class=\"elementor-shape elementor-shape-bottom\" aria-hidden=\"true\" data-negative=\"false\">\n\t\t\t<svg xmlns=\"http:\/\/www.w3.org\/2000\/svg\" viewbox=\"0 0 1000 100\" preserveaspectratio=\"none\">\n\t<path class=\"elementor-shape-fill\" opacity=\"0.33\" d=\"M473,67.3c-203.9,88.3-263.1-34-320.3,0C66,119.1,0,59.7,0,59.7V0h1000v59.7 c0,0-62.1,26.1-94.9,29.3c-32.8,3.3-62.8-12.3-75.8-22.1C806,49.6,745.3,8.7,694.9,4.7S492.4,59,473,67.3z\"\/>\n\t<path class=\"elementor-shape-fill\" opacity=\"0.66\" d=\"M734,67.3c-45.5,0-77.2-23.2-129.1-39.1c-28.6-8.7-150.3-10.1-254,39.1 s-91.7-34.4-149.2,0C115.7,118.3,0,39.8,0,39.8V0h1000v36.5c0,0-28.2-18.5-92.1-18.5C810.2,18.1,775.7,67.3,734,67.3z\"\/>\n\t<path class=\"elementor-shape-fill\" d=\"M766.1,28.9c-200-57.5-266,65.5-395.1,19.5C242,1.8,242,5.4,184.8,20.6C128,35.8,132.3,44.9,89.9,52.5C28.6,63.7,0,0,0,0 h1000c0,0-9.9,40.9-83.6,48.1S829.6,47,766.1,28.9z\"\/>\n<\/svg>\t\t<\/div>\n\t\t<div class=\"elementor-element elementor-element-2ba5677 e-con-full e-flex e-con e-child\" data-id=\"2ba5677\" data-element_type=\"container\" data-e-type=\"container\">\n\t\t\t\t<\/div>\n\t\t<div class=\"elementor-element elementor-element-c67d2fa e-con-full e-flex e-con e-child\" data-id=\"c67d2fa\" data-element_type=\"container\" data-e-type=\"container\">\n\t\t\t\t<\/div>\n\t\t<div class=\"elementor-element elementor-element-62ab7f1 e-con-full e-flex e-con e-child\" data-id=\"62ab7f1\" data-element_type=\"container\" data-e-type=\"container\">\n\t\t\t\t<\/div>\n\t\t<div class=\"elementor-element elementor-element-2218390 e-flex e-con-boxed e-con e-child\" data-id=\"2218390\" data-element_type=\"container\" data-e-type=\"container\">\n\t\t\t\t\t<div class=\"e-con-inner\">\n\t\t\t\t\t<\/div>\n\t\t\t\t<\/div>\n\t\t\t\t<\/div>\n\t\t<div class=\"elementor-element elementor-element-b09c268 e-con-full e-flex e-con e-parent\" data-id=\"b09c268\" data-element_type=\"container\" data-e-type=\"container\" data-settings=\"{&quot;background_background&quot;:&quot;classic&quot;}\">\n\t\t\t\t<\/div>\n\t\t\t\t<\/div>","protected":false},"excerpt":{"rendered":"<p>COMMISSION AGREEMENT This Commission Agreement (\u201cAgreement\u201d) is made between you, whether personally or on behalf of an entity (\u201cyou\u201d) and Baticlick\u00a0(\u201cwe,\u201d \u201cus\u201d or \u201cour\u201d) hereinafter referred to as \u201cBTC\u201d. The Seller\/Organization and the BTC shall be referred to herein as a \u201cParty\u201d and collectively, the \u201cParties\u201c. WHEREAS BTC is an online store website that engages [&hellip;]<\/p>\n","protected":false},"author":2,"featured_media":0,"parent":0,"menu_order":0,"comment_status":"closed","ping_status":"closed","template":"","meta":{"footnotes":""},"class_list":["post-12722","page","type-page","status-publish","hentry"],"_links":{"self":[{"href":"https:\/\/baticlick.com\/fr\/wp-json\/wp\/v2\/pages\/12722","targetHints":{"allow":["GET"]}}],"collection":[{"href":"https:\/\/baticlick.com\/fr\/wp-json\/wp\/v2\/pages"}],"about":[{"href":"https:\/\/baticlick.com\/fr\/wp-json\/wp\/v2\/types\/page"}],"author":[{"embeddable":true,"href":"https:\/\/baticlick.com\/fr\/wp-json\/wp\/v2\/users\/2"}],"replies":[{"embeddable":true,"href":"https:\/\/baticlick.com\/fr\/wp-json\/wp\/v2\/comments?post=12722"}],"version-history":[{"count":10,"href":"https:\/\/baticlick.com\/fr\/wp-json\/wp\/v2\/pages\/12722\/revisions"}],"predecessor-version":[{"id":14434,"href":"https:\/\/baticlick.com\/fr\/wp-json\/wp\/v2\/pages\/12722\/revisions\/14434"}],"wp:attachment":[{"href":"https:\/\/baticlick.com\/fr\/wp-json\/wp\/v2\/media?parent=12722"}],"curies":[{"name":"wp","href":"https:\/\/api.w.org\/{rel}","templated":true}]}}