{"id":12755,"date":"2025-01-07T13:06:10","date_gmt":"2025-01-07T13:06:10","guid":{"rendered":"https:\/\/baticlick.com\/?page_id=12755"},"modified":"2025-05-22T13:02:24","modified_gmt":"2025-05-22T13:02:24","slug":"charter-of-ethics","status":"publish","type":"page","link":"https:\/\/baticlick.com\/fr\/charter-of-ethics\/","title":{"rendered":"Charte d'\u00e9thique"},"content":{"rendered":"<div data-elementor-type=\"wp-page\" data-elementor-id=\"12755\" class=\"elementor elementor-12755\" data-elementor-post-type=\"page\">\n\t\t\t\t<div class=\"elementor-element elementor-element-3898616 e-con-full e-flex e-con e-parent\" data-id=\"3898616\" data-element_type=\"container\" data-e-type=\"container\" data-settings=\"{&quot;background_background&quot;:&quot;classic&quot;}\">\n\t\t\t\t<\/div>\n\t\t<div class=\"elementor-element elementor-element-dca7a9d e-flex e-con-boxed e-con e-parent\" data-id=\"dca7a9d\" data-element_type=\"container\" data-e-type=\"container\">\n\t\t\t\t\t<div class=\"e-con-inner\">\n\t\t\t\t\t<\/div>\n\t\t\t\t<\/div>\n\t\t<div class=\"elementor-element elementor-element-892d8ce e-flex e-con-boxed e-con e-parent\" data-id=\"892d8ce\" data-element_type=\"container\" data-e-type=\"container\" data-settings=\"{&quot;background_background&quot;:&quot;classic&quot;}\">\n\t\t\t\t\t<div class=\"e-con-inner\">\n\t\t<div class=\"elementor-element elementor-element-fb61b15 e-con-full e-flex e-con e-child\" data-id=\"fb61b15\" data-element_type=\"container\" data-e-type=\"container\" data-settings=\"{&quot;background_background&quot;:&quot;classic&quot;}\">\n\t\t\t\t<div class=\"elementor-element elementor-element-eb1ce73 elementor-widget elementor-widget-image\" data-id=\"eb1ce73\" data-element_type=\"widget\" data-e-type=\"widget\" data-widget_type=\"image.default\">\n\t\t\t\t<div class=\"elementor-widget-container\">\n\t\t\t\t\t\t\t\t\t\t\t\t\t\t\t<img fetchpriority=\"high\" decoding=\"async\" width=\"612\" height=\"408\" src=\"https:\/\/baticlick.com\/wp-content\/uploads\/2025\/01\/istockphoto-185258639-612x612-1.jpg\" class=\"attachment-large size-large wp-image-12649\" alt=\"\" srcset=\"https:\/\/baticlick.com\/wp-content\/uploads\/2025\/01\/istockphoto-185258639-612x612-1.jpg 612w, https:\/\/baticlick.com\/wp-content\/uploads\/2025\/01\/istockphoto-185258639-612x612-1-600x400.jpg 600w, https:\/\/baticlick.com\/wp-content\/uploads\/2025\/01\/istockphoto-185258639-612x612-1-300x200.jpg 300w, https:\/\/baticlick.com\/wp-content\/uploads\/2025\/01\/istockphoto-185258639-612x612-1-18x12.jpg 18w\" sizes=\"(max-width: 612px) 100vw, 612px\" \/>\t\t\t\t\t\t\t\t\t\t\t\t\t\t\t<\/div>\n\t\t\t\t<\/div>\n\t\t\t\t<div class=\"elementor-element elementor-element-72ef0ec elementor-widget elementor-widget-text-editor\" data-id=\"72ef0ec\" data-element_type=\"widget\" data-e-type=\"widget\" data-widget_type=\"text-editor.default\">\n\t\t\t\t<div class=\"elementor-widget-container\">\n\t\t\t\t\t\t\t\t\t<p><strong>Code de conduite et d'\u00e9thique pour les fournisseurs et les partenaires<\/strong><\/p><p>Baticlick s'engage \u00e0 agir de mani\u00e8re honn\u00eate et \u00e9thique. Nous attendons la m\u00eame chose de nos fournisseurs et partenaires (ci-apr\u00e8s d\u00e9nomm\u00e9s \"fournisseurs\" pour faciliter la lecture).<\/p><p>Le Code de conduite et d'\u00e9thique de Baticlick \u00e9tablit les principes d'un comportement appropri\u00e9 et d'une conduite \u00e9thique pour les employ\u00e9s de Baticlick. Le pr\u00e9sent code de conduite et d'\u00e9thique fixe des normes similaires pour nos fournisseurs.<\/p><p>Dans le pr\u00e9sent Code, les r\u00e9f\u00e9rences \u00e0 \"Baticlick\" incluent Baticlick S\u00e0rl. Il n'y a pas de filiales. Le pr\u00e9sent Code s'applique \u00e0 tous les fournisseurs de biens ou de services, ou \u00e0 toute personne autrement engag\u00e9e dans une relation d'affaires avec une entit\u00e9 de Baticlick, ainsi qu'\u00e0 leurs clients, \u00e0 leurs employ\u00e9s, \u00e0 leurs agents et \u00e0 leurs sous-traitants qui fournissent des biens ou des services \u00e0 Baticlick ou \u00e0 ses clients (c.-\u00e0-d. les utilisateurs du site Web). Il incombe au fournisseur de diffuser et d'\u00e9duquer les principes du pr\u00e9sent code et de faire preuve de diligence pour en v\u00e9rifier le respect par ses employ\u00e9s, ses agents et ses fournisseurs de rang inf\u00e9rieur.<\/p><p><strong>Actifs et informations<\/strong><\/p><p>Les fournisseurs doivent prot\u00e9ger les biens et les informations de Baticlick. Les fournisseurs qui ont acc\u00e8s aux actifs de Baticlick, qu'ils soient mat\u00e9riels ou immat\u00e9riels, ne doivent les utiliser que dans le cadre de l'autorisation accord\u00e9e par Baticlick et pour les besoins de l'engagement avec Baticlick et ses clients. Les fournisseurs qui ont eu acc\u00e8s \u00e0 des informations confidentielles de Baticlick ne doivent pas partager ces informations avec qui que ce soit, \u00e0 moins d'y \u00eatre autoris\u00e9s par Baticlick. Si un fournisseur croit avoir eu acc\u00e8s \u00e0 des renseignements confidentiels de Baticlick par erreur, il doit imm\u00e9diatement en aviser sa personne-ressource chez Baticlick et s'abstenir de diffuser l'information. Les fournisseurs ne doivent pas partager avec qui que ce soit chez Baticlick des informations relatives \u00e0 toute autre personne ou organisation si le fournisseur a une obligation contractuelle ou l\u00e9gale de ne pas partager l'information.<\/p><p><strong>Pots-de-vin et corruption<\/strong><\/p><p>Baticlick applique une politique de tol\u00e9rance z\u00e9ro \u00e0 l'\u00e9gard des pots-de-vin ou des dessous-de-table. Dans le cadre de toute transaction en tant que fournisseur de Baticlick, ou qui implique Baticlick d'une autre mani\u00e8re, les fournisseurs ne doivent pas transf\u00e9rer quoi que ce soit de valeur, directement ou indirectement, \u00e0 qui que ce soit, y compris des repr\u00e9sentants du gouvernement, des employ\u00e9s d'entit\u00e9s contr\u00f4l\u00e9es par le gouvernement, ou des employ\u00e9s de Baticlick ou de toute autre organisation, dans le but d'obtenir un b\u00e9n\u00e9fice ou un avantage inappropri\u00e9. Les fournisseurs agissant au nom de Baticlick doivent se conformer \u00e0 toutes les lois locales applicables en mati\u00e8re de corruption. Les fournisseurs doivent tenir une comptabilit\u00e9 \u00e9crite de tous les paiements (y compris les cadeaux, les repas, les divertissements ou toute autre chose de valeur) effectu\u00e9s au nom de Baticlick ou \u00e0 partir de fonds fournis par Baticlick. Les fournisseurs doivent fournir une copie de cette comptabilit\u00e9 \u00e0 Baticlick sur demande.<\/p><p><strong>Cadeaux, repas, divertissements et autres courtoisies d'affaires<\/strong><\/p><p>Les employ\u00e9s de Baticlick peuvent \u00e9changer des cadeaux, des repas, des divertissements et d'autres cadeaux d'affaires avec des fournisseurs uniquement s'ils sont raisonnables, peu fr\u00e9quents et d'un montant modeste, et s'ils sont conformes \u00e0 la loi, aux coutumes et aux pratiques locales. Dans certains cas, les employ\u00e9s de Baticlick peuvent \u00eatre assujettis \u00e0 des limites mon\u00e9taires quant \u00e0 la valeur des cadeaux d'affaires qu'ils peuvent donner ou recevoir. Dans tous les cas, les employ\u00e9s de Baticlick ne doivent jamais offrir ou accepter de telles marques de courtoisie dans des circonstances o\u00f9 elles pourraient influer, ou sembler influer, sur la prise de d\u00e9cision. Ils ne doivent jamais donner ou recevoir d'argent liquide. Nous attendons de nos fournisseurs qu'ils respectent ces restrictions.<\/p><p><strong>Conflits d'int\u00e9r\u00eats<\/strong><\/p><p>Les employ\u00e9s de Baticlick doivent agir dans le meilleur int\u00e9r\u00eat de Baticlick lorsqu'ils conduisent les affaires de Baticlick. Ils ne doivent avoir aucune relation, financi\u00e8re ou autre, avec un fournisseur qui pourrait entrer en conflit, ou sembler entrer en conflit, avec leur obligation d'agir dans le meilleur int\u00e9r\u00eat de Baticlick. Les fournisseurs ne doivent avoir aucune relation financi\u00e8re avec un employ\u00e9 de Baticlick avec lequel le fournisseur peut interagir dans le cadre de son engagement avec Baticlick. Les fournisseurs doivent veiller \u00e0 ce que toute relation personnelle avec un employ\u00e9 de Baticlick ne soit pas utilis\u00e9e pour influencer le jugement commercial de l'employ\u00e9 de Baticlick. Si un fournisseur a un lien de parent\u00e9 ou une autre relation avec un employ\u00e9 de Baticlick qui pourrait repr\u00e9senter un conflit d'int\u00e9r\u00eats, le fournisseur devrait divulguer ce fait \u00e0 Baticlick ou s'assurer que l'employ\u00e9 de Baticlick le fasse.<\/p><p><strong>Obligations de fournir des informations fiables<\/strong><\/p><p>Les fournisseurs qui sont enregistr\u00e9s sur la plateforme Baticlick et qui ajoutent des informations sur leur entreprise, leurs conditions de vente ainsi que toute information sur leurs produits et services (conditions de livraison et de retour, \u00e9co-labels, \u00e9co-notations, prix....) doivent s'assurer que les informations fournies sont fiables et restent \u00e0 jour afin que toute personne examinant ces d\u00e9tails puisse s'y fier. Baticlick a le droit et l'obligation de retirer tout fournisseur de la plateforme en cas d'infraction identifi\u00e9e et confirm\u00e9e.<\/p><p><strong>Prendre la parole<\/strong><\/p><p>Les fournisseurs qui croient qu'un employ\u00e9 de Baticlick, ou quiconque agissant au nom de Baticlick, s'est livr\u00e9 \u00e0 une conduite ill\u00e9gale ou inappropri\u00e9e, doivent le signaler \u00e0 Baticlick. Les fournisseurs peuvent soulever la question aupr\u00e8s du directeur de l'employ\u00e9 ou contacter le personnel de Baticlick charg\u00e9 de l'\u00e9thique et de la conformit\u00e9 \u00e0 l'adresse contact@baticlick.com. La relation d'un fournisseur avec Baticlick ne sera pas affect\u00e9e par un rapport honn\u00eate de mauvaise conduite potentielle.<\/p><p><strong>Enregistrements et rapports<\/strong><\/p><p>Les fournisseurs doivent tenir des registres pr\u00e9cis de toutes les questions li\u00e9es \u00e0 leurs activit\u00e9s avec Baticlick, y compris l'enregistrement appropri\u00e9 de toutes les d\u00e9penses et de tous les paiements. Si Baticlick est factur\u00e9e pour le temps de travail d'un fournisseur, les registres de temps doivent \u00eatre complets et exacts. Les fournisseurs ne doivent pas retarder l'envoi d'une facture ou permettre le transfert d'une d\u00e9pense \u00e0 une autre p\u00e9riode comptable.<\/p><p><strong>Application et conformit\u00e9<\/strong><\/p><p>Par l'acceptation de tout bon de commande ou accord faisant r\u00e9f\u00e9rence au pr\u00e9sent code, le fournisseur s'engage \u00e0 ce que toutes ses op\u00e9rations soient soumises aux dispositions contenues dans le pr\u00e9sent code. Le pr\u00e9sent code, ou la d\u00e9monstration de sa conformit\u00e9, ne cr\u00e9e aucun droit de tiers b\u00e9n\u00e9ficiaire pour le fournisseur. Les normes du pr\u00e9sent Code s'ajoutent aux dispositions de tout accord juridique ou contrat conclu entre les fournisseurs et Baticlick, et ne les remplacent pas. Baticlick se r\u00e9serve le droit d'examiner au hasard les politiques, les proc\u00e9dures ou tout autre document du fournisseur ayant trait au respect du pr\u00e9sent Code. Dans certains cas, Baticlick peut exiger une v\u00e9rification de l'adh\u00e9sion d'un fournisseur au pr\u00e9sent Code.<\/p><p>Baticlick se r\u00e9serve le droit de modifier le pr\u00e9sent document au besoin, par exemple pour se conformer aux changements apport\u00e9s aux lois, aux r\u00e8glements ou aux pratiques et proc\u00e9dures de Baticlick.<\/p>\t\t\t\t\t\t\t\t<\/div>\n\t\t\t\t<\/div>\n\t\t\t\t<div class=\"elementor-element elementor-element-3cfd334 elementor-align-center elementor-widget elementor-widget-button\" data-id=\"3cfd334\" data-element_type=\"widget\" data-e-type=\"widget\" data-widget_type=\"button.default\">\n\t\t\t\t<div class=\"elementor-widget-container\">\n\t\t\t\t\t\t\t\t\t<div class=\"elementor-button-wrapper\">\n\t\t\t\t\t<a class=\"elementor-button elementor-button-link elementor-size-sm\" href=\"https:\/\/baticlick.com\/fr\/terms-and-conditions\/\">\n\t\t\t\t\t\t<span class=\"elementor-button-content-wrapper\">\n\t\t\t\t\t\t\t\t\t<span class=\"elementor-button-text\">En savoir plus sur les conditions g\u00e9n\u00e9rales de Baticlick<\/span>\n\t\t\t\t\t<\/span>\n\t\t\t\t\t<\/a>\n\t\t\t\t<\/div>\n\t\t\t\t\t\t\t\t<\/div>\n\t\t\t\t<\/div>\n\t\t\t\t<\/div>\n\t\t\t\t\t<\/div>\n\t\t\t\t<\/div>\n\t\t<div class=\"elementor-element elementor-element-a328130 e-con-full e-flex e-con e-parent\" data-id=\"a328130\" data-element_type=\"container\" data-e-type=\"container\" data-settings=\"{&quot;background_background&quot;:&quot;classic&quot;,&quot;shape_divider_bottom&quot;:&quot;mountains&quot;}\">\n\t\t\t\t<div class=\"elementor-shape elementor-shape-bottom\" aria-hidden=\"true\" data-negative=\"false\">\n\t\t\t<svg xmlns=\"http:\/\/www.w3.org\/2000\/svg\" viewbox=\"0 0 1000 100\" preserveaspectratio=\"none\">\n\t<path class=\"elementor-shape-fill\" opacity=\"0.33\" d=\"M473,67.3c-203.9,88.3-263.1-34-320.3,0C66,119.1,0,59.7,0,59.7V0h1000v59.7 c0,0-62.1,26.1-94.9,29.3c-32.8,3.3-62.8-12.3-75.8-22.1C806,49.6,745.3,8.7,694.9,4.7S492.4,59,473,67.3z\"\/>\n\t<path class=\"elementor-shape-fill\" opacity=\"0.66\" d=\"M734,67.3c-45.5,0-77.2-23.2-129.1-39.1c-28.6-8.7-150.3-10.1-254,39.1 s-91.7-34.4-149.2,0C115.7,118.3,0,39.8,0,39.8V0h1000v36.5c0,0-28.2-18.5-92.1-18.5C810.2,18.1,775.7,67.3,734,67.3z\"\/>\n\t<path class=\"elementor-shape-fill\" d=\"M766.1,28.9c-200-57.5-266,65.5-395.1,19.5C242,1.8,242,5.4,184.8,20.6C128,35.8,132.3,44.9,89.9,52.5C28.6,63.7,0,0,0,0 h1000c0,0-9.9,40.9-83.6,48.1S829.6,47,766.1,28.9z\"\/>\n<\/svg>\t\t<\/div>\n\t\t<div class=\"elementor-element elementor-element-501f016 e-con-full e-flex e-con e-child\" data-id=\"501f016\" data-element_type=\"container\" data-e-type=\"container\">\n\t\t\t\t<\/div>\n\t\t<div class=\"elementor-element elementor-element-a8ae88b e-con-full e-flex e-con e-child\" data-id=\"a8ae88b\" data-element_type=\"container\" data-e-type=\"container\">\n\t\t\t\t<\/div>\n\t\t<div class=\"elementor-element elementor-element-8cfd0ce e-con-full e-flex e-con e-child\" data-id=\"8cfd0ce\" data-element_type=\"container\" data-e-type=\"container\">\n\t\t\t\t<\/div>\n\t\t<div class=\"elementor-element elementor-element-6327788 e-flex e-con-boxed e-con e-child\" data-id=\"6327788\" data-element_type=\"container\" data-e-type=\"container\">\n\t\t\t\t\t<div class=\"e-con-inner\">\n\t\t\t\t\t<\/div>\n\t\t\t\t<\/div>\n\t\t\t\t<\/div>\n\t\t<div class=\"elementor-element elementor-element-2d4b46b e-con-full e-flex e-con e-parent\" data-id=\"2d4b46b\" data-element_type=\"container\" data-e-type=\"container\" data-settings=\"{&quot;background_background&quot;:&quot;classic&quot;}\">\n\t\t\t\t<\/div>\n\t\t\t\t<\/div>","protected":false},"excerpt":{"rendered":"<p>Code of Conduct and Ethics for Suppliers and Partners Baticlick is committed to acting honestly and ethically. We expect the same of our suppliers and partners (together referred to as \u201csuppliers\u201d for ease of reading). The Baticlick Code of Conduct and Ethics establishes the principles of appropriate behaviour and ethical conduct for Baticlick employees. This [&hellip;]<\/p>\n","protected":false},"author":2,"featured_media":0,"parent":0,"menu_order":0,"comment_status":"closed","ping_status":"closed","template":"","meta":{"footnotes":""},"class_list":["post-12755","page","type-page","status-publish","hentry"],"_links":{"self":[{"href":"https:\/\/baticlick.com\/fr\/wp-json\/wp\/v2\/pages\/12755","targetHints":{"allow":["GET"]}}],"collection":[{"href":"https:\/\/baticlick.com\/fr\/wp-json\/wp\/v2\/pages"}],"about":[{"href":"https:\/\/baticlick.com\/fr\/wp-json\/wp\/v2\/types\/page"}],"author":[{"embeddable":true,"href":"https:\/\/baticlick.com\/fr\/wp-json\/wp\/v2\/users\/2"}],"replies":[{"embeddable":true,"href":"https:\/\/baticlick.com\/fr\/wp-json\/wp\/v2\/comments?post=12755"}],"version-history":[{"count":10,"href":"https:\/\/baticlick.com\/fr\/wp-json\/wp\/v2\/pages\/12755\/revisions"}],"predecessor-version":[{"id":14428,"href":"https:\/\/baticlick.com\/fr\/wp-json\/wp\/v2\/pages\/12755\/revisions\/14428"}],"wp:attachment":[{"href":"https:\/\/baticlick.com\/fr\/wp-json\/wp\/v2\/media?parent=12755"}],"curies":[{"name":"wp","href":"https:\/\/api.w.org\/{rel}","templated":true}]}}