{"id":13767,"date":"2025-03-08T04:13:19","date_gmt":"2025-03-08T04:13:19","guid":{"rendered":"https:\/\/baticlick.com\/?page_id=13767"},"modified":"2026-01-21T15:08:21","modified_gmt":"2026-01-21T15:08:21","slug":"all-our-sponsors","status":"publish","type":"page","link":"https:\/\/baticlick.com\/fr\/all-our-sponsors\/","title":{"rendered":"Tous nos sponsors"},"content":{"rendered":"<div data-elementor-type=\"wp-page\" data-elementor-id=\"13767\" class=\"elementor elementor-13767\" data-elementor-post-type=\"page\">\n\t\t\t\t<div class=\"elementor-element elementor-element-7b7b1ba e-flex e-con-boxed e-con e-parent\" data-id=\"7b7b1ba\" data-element_type=\"container\" data-e-type=\"container\" data-settings=\"{&quot;background_background&quot;:&quot;classic&quot;}\">\n\t\t\t\t\t<div class=\"e-con-inner\">\n\t\t<div class=\"elementor-element elementor-element-9919ae5 e-con-full e-flex e-con e-child\" data-id=\"9919ae5\" data-element_type=\"container\" data-e-type=\"container\">\n\t\t\t\t<div class=\"elementor-element elementor-element-1c65172 elementor-widget elementor-widget-text-editor\" data-id=\"1c65172\" data-element_type=\"widget\" data-e-type=\"widget\" data-widget_type=\"text-editor.default\">\n\t\t\t\t<div class=\"elementor-widget-container\">\n\t\t\t\t\t\t\t\t\t<p>Devenez un h\u00e9ros de l'environnement !<\/p>\t\t\t\t\t\t\t\t<\/div>\n\t\t\t\t<\/div>\n\t\t\t\t<\/div>\n\t\t\t\t\t<\/div>\n\t\t\t\t<\/div>\n\t\t<div class=\"elementor-element elementor-element-61650e2 e-flex e-con-boxed e-con e-parent\" data-id=\"61650e2\" data-element_type=\"container\" data-e-type=\"container\">\n\t\t\t\t\t<div class=\"e-con-inner\">\n\t\t<div class=\"elementor-element elementor-element-92ae056 e-con-full e-flex e-con e-child\" data-id=\"92ae056\" data-element_type=\"container\" data-e-type=\"container\">\n\t\t\t\t<div class=\"elementor-element elementor-element-65b0947 elementor-widget elementor-widget-spacer\" data-id=\"65b0947\" data-element_type=\"widget\" data-e-type=\"widget\" data-widget_type=\"spacer.default\">\n\t\t\t\t<div class=\"elementor-widget-container\">\n\t\t\t\t\t\t\t<div class=\"elementor-spacer\">\n\t\t\t<div class=\"elementor-spacer-inner\"><\/div>\n\t\t<\/div>\n\t\t\t\t\t\t<\/div>\n\t\t\t\t<\/div>\n\t\t\t\t<div class=\"elementor-element elementor-element-afd3146 elementor-widget elementor-widget-heading\" data-id=\"afd3146\" data-element_type=\"widget\" data-e-type=\"widget\" data-widget_type=\"heading.default\">\n\t\t\t\t<div class=\"elementor-widget-container\">\n\t\t\t\t\t<h2 class=\"elementor-heading-title elementor-size-default\">Devenez un h\u00e9ros de l'environnement !<\/h2>\t\t\t\t<\/div>\n\t\t\t\t<\/div>\n\t\t<div class=\"elementor-element elementor-element-c58b6dc e-con-full e-flex e-con e-child\" data-id=\"c58b6dc\" data-element_type=\"container\" data-e-type=\"container\">\n\t\t<div class=\"elementor-element elementor-element-d0b6fec e-con-full e-flex e-con e-child\" data-id=\"d0b6fec\" data-element_type=\"container\" data-e-type=\"container\">\n\t\t\t\t<div class=\"elementor-element elementor-element-3184a28 elementor-widget elementor-widget-image\" data-id=\"3184a28\" data-element_type=\"widget\" data-e-type=\"widget\" data-widget_type=\"image.default\">\n\t\t\t\t<div class=\"elementor-widget-container\">\n\t\t\t\t\t\t\t\t\t\t\t\t\t\t\t<img fetchpriority=\"high\" decoding=\"async\" width=\"300\" height=\"298\" src=\"https:\/\/baticlick.com\/wp-content\/uploads\/2025\/03\/Dons-news.png\" class=\"attachment-large size-large wp-image-13778\" alt=\"\" srcset=\"https:\/\/baticlick.com\/wp-content\/uploads\/2025\/03\/Dons-news.png 300w, https:\/\/baticlick.com\/wp-content\/uploads\/2025\/03\/Dons-news-130x130.png 130w, https:\/\/baticlick.com\/wp-content\/uploads\/2025\/03\/Dons-news-150x150.png 150w, https:\/\/baticlick.com\/wp-content\/uploads\/2025\/03\/Dons-news-12x12.png 12w, https:\/\/baticlick.com\/wp-content\/uploads\/2025\/03\/Dons-news-50x50.png 50w, https:\/\/baticlick.com\/wp-content\/uploads\/2025\/03\/Dons-news-100x100.png 100w\" sizes=\"(max-width: 300px) 100vw, 300px\" \/>\t\t\t\t\t\t\t\t\t\t\t\t\t\t\t<\/div>\n\t\t\t\t<\/div>\n\t\t\t\t<\/div>\n\t\t<div class=\"elementor-element elementor-element-fe89346 e-con-full e-flex e-con e-child\" data-id=\"fe89346\" data-element_type=\"container\" data-e-type=\"container\">\n\t\t\t\t<div class=\"elementor-element elementor-element-69d5028 elementor-widget elementor-widget-text-editor\" data-id=\"69d5028\" data-element_type=\"widget\" data-e-type=\"widget\" data-widget_type=\"text-editor.default\">\n\t\t\t\t<div class=\"elementor-widget-container\">\n\t\t\t\t\t\t\t\t\t<p>Saisissez l'opportunit\u00e9 d'agir concr\u00e8tement pour notre plan\u00e8te. En choisissant de faire un don \u00e0 l'association Baticlick, vous participez activement \u00e0 notre combat pour l'environnement.<\/p><p>Chaque contribution, quel que soit son montant, sert \u00e0 financer nos programmes d'\u00e9ducation \u00e0 l'environnement, nos campagnes de sensibilisation et nos actions de protection de la nature. En signe de reconnaissance, nous honorerons votre g\u00e9n\u00e9rosit\u00e9 en vous pr\u00e9sentant comme un donateur engag\u00e9 sur nos plateformes num\u00e9riques.<\/p><p>Baticlick est \u00e9galement reconnu d'utilit\u00e9 publique ; les dons sont exon\u00e9r\u00e9s d'imp\u00f4ts.<\/p>\t\t\t\t\t\t\t\t<\/div>\n\t\t\t\t<\/div>\n\t\t\t\t<\/div>\n\t\t\t\t<\/div>\n\t\t\t\t<div class=\"elementor-element elementor-element-342a622 elementor-widget elementor-widget-spacer\" data-id=\"342a622\" data-element_type=\"widget\" data-e-type=\"widget\" data-widget_type=\"spacer.default\">\n\t\t\t\t<div class=\"elementor-widget-container\">\n\t\t\t\t\t\t\t<div class=\"elementor-spacer\">\n\t\t\t<div class=\"elementor-spacer-inner\"><\/div>\n\t\t<\/div>\n\t\t\t\t\t\t<\/div>\n\t\t\t\t<\/div>\n\t\t\t\t<\/div>\n\t\t\t\t\t<\/div>\n\t\t\t\t<\/div>\n\t\t<div class=\"elementor-element elementor-element-27b8757 e-flex e-con-boxed e-con e-parent\" data-id=\"27b8757\" data-element_type=\"container\" data-e-type=\"container\">\n\t\t\t\t\t<div class=\"e-con-inner\">\n\t\t<div class=\"elementor-element elementor-element-cccc794 e-con-full e-flex e-con e-child\" data-id=\"cccc794\" data-element_type=\"container\" data-e-type=\"container\">\n\t\t\t\t<div class=\"elementor-element elementor-element-5086c37 elementor-widget elementor-widget-spacer\" data-id=\"5086c37\" data-element_type=\"widget\" data-e-type=\"widget\" data-widget_type=\"spacer.default\">\n\t\t\t\t<div class=\"elementor-widget-container\">\n\t\t\t\t\t\t\t<div class=\"elementor-spacer\">\n\t\t\t<div class=\"elementor-spacer-inner\"><\/div>\n\t\t<\/div>\n\t\t\t\t\t\t<\/div>\n\t\t\t\t<\/div>\n\t\t\t\t<div class=\"elementor-element elementor-element-115b891 elementor-widget elementor-widget-heading\" data-id=\"115b891\" data-element_type=\"widget\" data-e-type=\"widget\" data-widget_type=\"heading.default\">\n\t\t\t\t<div class=\"elementor-widget-container\">\n\t\t\t\t\t<h2 class=\"elementor-heading-title elementor-size-default\">Notre projet !<\/h2>\t\t\t\t<\/div>\n\t\t\t\t<\/div>\n\t\t<div class=\"elementor-element elementor-element-9ea9fdb e-con-full e-flex e-con e-child\" data-id=\"9ea9fdb\" data-element_type=\"container\" data-e-type=\"container\">\n\t\t<div class=\"elementor-element elementor-element-b27df87 e-con-full e-flex e-con e-child\" data-id=\"b27df87\" data-element_type=\"container\" data-e-type=\"container\">\n\t\t\t\t<div class=\"elementor-element elementor-element-1a80506 elementor-widget elementor-widget-image\" data-id=\"1a80506\" data-element_type=\"widget\" data-e-type=\"widget\" data-widget_type=\"image.default\">\n\t\t\t\t<div class=\"elementor-widget-container\">\n\t\t\t\t\t\t\t\t\t\t\t\t\t\t\t<img decoding=\"async\" width=\"640\" height=\"853\" src=\"https:\/\/baticlick.com\/wp-content\/uploads\/2026\/01\/WhatsApp-Image-2025-03-25-at-16.28.18-768x1024.jpeg\" class=\"attachment-large size-large wp-image-14657\" alt=\"\" srcset=\"https:\/\/baticlick.com\/wp-content\/uploads\/2026\/01\/WhatsApp-Image-2025-03-25-at-16.28.18-768x1024.jpeg 768w, https:\/\/baticlick.com\/wp-content\/uploads\/2026\/01\/WhatsApp-Image-2025-03-25-at-16.28.18-225x300.jpeg 225w, https:\/\/baticlick.com\/wp-content\/uploads\/2026\/01\/WhatsApp-Image-2025-03-25-at-16.28.18-1152x1536.jpeg 1152w, https:\/\/baticlick.com\/wp-content\/uploads\/2026\/01\/WhatsApp-Image-2025-03-25-at-16.28.18-1536x2048.jpeg 1536w, https:\/\/baticlick.com\/wp-content\/uploads\/2026\/01\/WhatsApp-Image-2025-03-25-at-16.28.18-9x12.jpeg 9w, https:\/\/baticlick.com\/wp-content\/uploads\/2026\/01\/WhatsApp-Image-2025-03-25-at-16.28.18-670x893.jpeg 670w, https:\/\/baticlick.com\/wp-content\/uploads\/2026\/01\/WhatsApp-Image-2025-03-25-at-16.28.18-scaled.jpeg 1920w\" sizes=\"(max-width: 640px) 100vw, 640px\" \/>\t\t\t\t\t\t\t\t\t\t\t\t\t\t\t<\/div>\n\t\t\t\t<\/div>\n\t\t\t\t<\/div>\n\t\t<div class=\"elementor-element elementor-element-13b2257 e-con-full e-flex e-con e-child\" data-id=\"13b2257\" data-element_type=\"container\" data-e-type=\"container\">\n\t\t\t\t<div class=\"elementor-element elementor-element-1a9ace2 elementor-widget elementor-widget-text-editor\" data-id=\"1a9ace2\" data-element_type=\"widget\" data-e-type=\"widget\" data-widget_type=\"text-editor.default\">\n\t\t\t\t<div class=\"elementor-widget-container\">\n\t\t\t\t\t\t\t\t\t<p>En 2027, nous pr\u00e9voyons d'organiser un mini-festival durable dans une \u00e9cole en Belgique.<\/p><p>L'objectif est de proposer divers ateliers tels que le jardinage, le recyclage, la mobilit\u00e9, etc. qui permettront aux enfants de mieux comprendre (de mani\u00e8re ludique) comment devenir plus durable et plus respectueux de l'environnement.\u00a0<\/p><p>L'objectif est de cibler au moins 100 enfants en une journ\u00e9e.<\/p><p>Baticlick est \u00e0 la recherche de partenaires financiers qui souhaiteraient aider nos b\u00e9n\u00e9voles \u00e0 organiser ce festival !<\/p><p>Si vous \u00eates int\u00e9ress\u00e9, n'h\u00e9sitez pas \u00e0 nous contacter !\u00a0<\/p>\t\t\t\t\t\t\t\t<\/div>\n\t\t\t\t<\/div>\n\t\t\t\t<\/div>\n\t\t\t\t<\/div>\n\t\t\t\t<div class=\"elementor-element elementor-element-35c3a07 elementor-widget elementor-widget-spacer\" data-id=\"35c3a07\" data-element_type=\"widget\" data-e-type=\"widget\" data-widget_type=\"spacer.default\">\n\t\t\t\t<div class=\"elementor-widget-container\">\n\t\t\t\t\t\t\t<div class=\"elementor-spacer\">\n\t\t\t<div class=\"elementor-spacer-inner\"><\/div>\n\t\t<\/div>\n\t\t\t\t\t\t<\/div>\n\t\t\t\t<\/div>\n\t\t\t\t<\/div>\n\t\t\t\t\t<\/div>\n\t\t\t\t<\/div>\n\t\t<div class=\"elementor-element elementor-element-f254ab3 e-flex e-con-boxed e-con e-parent\" data-id=\"f254ab3\" data-element_type=\"container\" data-e-type=\"container\">\n\t\t\t\t\t<div class=\"e-con-inner\">\n\t\t<div class=\"elementor-element elementor-element-ad52eeb e-con-full e-flex e-con e-child\" data-id=\"ad52eeb\" data-element_type=\"container\" data-e-type=\"container\">\n\t\t\t\t<div class=\"elementor-element elementor-element-3ff1e9d elementor-widget elementor-widget-heading\" data-id=\"3ff1e9d\" data-element_type=\"widget\" data-e-type=\"widget\" data-widget_type=\"heading.default\">\n\t\t\t\t<div class=\"elementor-widget-container\">\n\t\t\t\t\t<h2 class=\"elementor-heading-title elementor-size-default\">Faites un don maintenant !<\/h2>\t\t\t\t<\/div>\n\t\t\t\t<\/div>\n\t\t\t\t<div class=\"elementor-element elementor-element-fa22f1c elementor-widget elementor-widget-text-editor\" data-id=\"fa22f1c\" data-element_type=\"widget\" data-e-type=\"widget\" data-widget_type=\"text-editor.default\">\n\t\t\t\t<div class=\"elementor-widget-container\">\n\t\t\t\t\t\t\t\t\t<p>Chaque cadeau est accompagn\u00e9 d'une carte cadeau en ligne \u00e0 envoyer comme vous le souhaitez.<\/p>\t\t\t\t\t\t\t\t<\/div>\n\t\t\t\t<\/div>\n\t\t\t\t<div class=\"elementor-element elementor-element-df93b9f elementor-align-center elementor-widget elementor-widget-button\" data-id=\"df93b9f\" data-element_type=\"widget\" data-e-type=\"widget\" data-widget_type=\"button.default\">\n\t\t\t\t<div class=\"elementor-widget-container\">\n\t\t\t\t\t\t\t\t\t<div class=\"elementor-button-wrapper\">\n\t\t\t\t\t<a class=\"elementor-button elementor-button-link elementor-size-sm\" href=\"https:\/\/baticlick.com\/fr\/contact-us\/\">\n\t\t\t\t\t\t<span class=\"elementor-button-content-wrapper\">\n\t\t\t\t\t\t\t\t\t<span class=\"elementor-button-text\">Contactez nous<\/span>\n\t\t\t\t\t<\/span>\n\t\t\t\t\t<\/a>\n\t\t\t\t<\/div>\n\t\t\t\t\t\t\t\t<\/div>\n\t\t\t\t<\/div>\n\t\t\t\t<div class=\"elementor-element elementor-element-64e0f76 elementor-widget elementor-widget-spacer\" data-id=\"64e0f76\" data-element_type=\"widget\" data-e-type=\"widget\" data-widget_type=\"spacer.default\">\n\t\t\t\t<div class=\"elementor-widget-container\">\n\t\t\t\t\t\t\t<div class=\"elementor-spacer\">\n\t\t\t<div class=\"elementor-spacer-inner\"><\/div>\n\t\t<\/div>\n\t\t\t\t\t\t<\/div>\n\t\t\t\t<\/div>\n\t\t\t\t<div class=\"elementor-element elementor-element-d67c104 elementor-widget elementor-widget-heading\" data-id=\"d67c104\" data-element_type=\"widget\" data-e-type=\"widget\" data-widget_type=\"heading.default\">\n\t\t\t\t<div class=\"elementor-widget-container\">\n\t\t\t\t\t<h2 class=\"elementor-heading-title elementor-size-default\">Pourquoi nous soutenir ?\n<\/h2>\t\t\t\t<\/div>\n\t\t\t\t<\/div>\n\t\t\t\t<div class=\"elementor-element elementor-element-c146179 elementor-widget elementor-widget-text-editor\" data-id=\"c146179\" data-element_type=\"widget\" data-e-type=\"widget\" data-widget_type=\"text-editor.default\">\n\t\t\t\t<div class=\"elementor-widget-container\">\n\t\t\t\t\t\t\t\t\t<p>\ud83e\udd1d Un partenariat significatif - Associez-vous \u00e0 des actions positives et r\u00e9alistes.<\/p><p>\ud83c\udfaf Organisation \u00e0 but non lucratif - Tous les dons sont d\u00e9ductibles fiscalement.<\/p>\t\t\t\t\t\t\t\t<\/div>\n\t\t\t\t<\/div>\n\t\t\t\t<div class=\"elementor-element elementor-element-9dbad56 elementor-widget elementor-widget-spacer\" data-id=\"9dbad56\" data-element_type=\"widget\" data-e-type=\"widget\" data-widget_type=\"spacer.default\">\n\t\t\t\t<div class=\"elementor-widget-container\">\n\t\t\t\t\t\t\t<div class=\"elementor-spacer\">\n\t\t\t<div class=\"elementor-spacer-inner\"><\/div>\n\t\t<\/div>\n\t\t\t\t\t\t<\/div>\n\t\t\t\t<\/div>\n\t\t\t\t<div class=\"elementor-element elementor-element-e101619 elementor-widget elementor-widget-heading\" data-id=\"e101619\" data-element_type=\"widget\" data-e-type=\"widget\" data-widget_type=\"heading.default\">\n\t\t\t\t<div class=\"elementor-widget-container\">\n\t\t\t\t\t<h2 class=\"elementor-heading-title elementor-size-default\">Nos valeurs !\n<\/h2>\t\t\t\t<\/div>\n\t\t\t\t<\/div>\n\t\t\t\t<div class=\"elementor-element elementor-element-2820092 elementor-widget elementor-widget-text-editor\" data-id=\"2820092\" data-element_type=\"widget\" data-e-type=\"widget\" data-widget_type=\"text-editor.default\">\n\t\t\t\t<div class=\"elementor-widget-container\">\n\t\t\t\t\t\t\t\t\t<p>\ud83c\udf31 Durabilit\u00e9 : construire un avenir respectueux de l'environnement.<\/p><p>\ud83e\udd1d Collaboration : travailler main dans la main avec les acteurs locaux.<\/p><p>\ud83c\udf0d Impact : contribuer activement aux objectifs de d\u00e9veloppement durable de l'Agenda 2030.<\/p>\t\t\t\t\t\t\t\t<\/div>\n\t\t\t\t<\/div>\n\t\t\t\t<div class=\"elementor-element elementor-element-a8ec26a elementor-widget elementor-widget-spacer\" data-id=\"a8ec26a\" data-element_type=\"widget\" data-e-type=\"widget\" data-widget_type=\"spacer.default\">\n\t\t\t\t<div class=\"elementor-widget-container\">\n\t\t\t\t\t\t\t<div class=\"elementor-spacer\">\n\t\t\t<div class=\"elementor-spacer-inner\"><\/div>\n\t\t<\/div>\n\t\t\t\t\t\t<\/div>\n\t\t\t\t<\/div>\n\t\t\t\t<div class=\"elementor-element elementor-element-dd08470 elementor-widget elementor-widget-spacer\" data-id=\"dd08470\" data-element_type=\"widget\" data-e-type=\"widget\" data-widget_type=\"spacer.default\">\n\t\t\t\t<div class=\"elementor-widget-container\">\n\t\t\t\t\t\t\t<div class=\"elementor-spacer\">\n\t\t\t<div class=\"elementor-spacer-inner\"><\/div>\n\t\t<\/div>\n\t\t\t\t\t\t<\/div>\n\t\t\t\t<\/div>\n\t\t\t\t<div class=\"elementor-element elementor-element-e18fc86 elementor-widget elementor-widget-heading\" data-id=\"e18fc86\" data-element_type=\"widget\" data-e-type=\"widget\" data-widget_type=\"heading.default\">\n\t\t\t\t<div class=\"elementor-widget-container\">\n\t\t\t\t\t<h2 class=\"elementor-heading-title elementor-size-default\">Nos sponsors et partenaires !\n<\/h2>\t\t\t\t<\/div>\n\t\t\t\t<\/div>\n\t\t\t\t<\/div>\n\t\t\t\t\t<\/div>\n\t\t\t\t<\/div>\n\t\t<div class=\"elementor-element elementor-element-469763f e-flex e-con-boxed e-con e-parent\" data-id=\"469763f\" data-element_type=\"container\" data-e-type=\"container\">\n\t\t\t\t\t<div class=\"e-con-inner\">\n\t\t<div class=\"elementor-element elementor-element-58b1cf0 e-con-full e-flex e-con e-child\" data-id=\"58b1cf0\" data-element_type=\"container\" data-e-type=\"container\">\n\t\t<div class=\"elementor-element elementor-element-60a4c7b e-con-full e-flex e-con e-child\" data-id=\"60a4c7b\" data-element_type=\"container\" data-e-type=\"container\">\n\t\t\t\t<div class=\"elementor-element elementor-element-df3269c elementor-widget elementor-widget-image\" data-id=\"df3269c\" data-element_type=\"widget\" data-e-type=\"widget\" data-widget_type=\"image.default\">\n\t\t\t\t<div class=\"elementor-widget-container\">\n\t\t\t\t\t\t\t\t\t\t\t\t\t\t\t<img decoding=\"async\" width=\"600\" height=\"315\" src=\"https:\/\/baticlick.com\/wp-content\/uploads\/2025\/03\/infomaniak-thumbnail-600x315-1.jpg\" class=\"attachment-large size-large wp-image-13780\" alt=\"\" srcset=\"https:\/\/baticlick.com\/wp-content\/uploads\/2025\/03\/infomaniak-thumbnail-600x315-1.jpg 600w, https:\/\/baticlick.com\/wp-content\/uploads\/2025\/03\/infomaniak-thumbnail-600x315-1-300x158.jpg 300w, https:\/\/baticlick.com\/wp-content\/uploads\/2025\/03\/infomaniak-thumbnail-600x315-1-18x9.jpg 18w\" sizes=\"(max-width: 600px) 100vw, 600px\" \/>\t\t\t\t\t\t\t\t\t\t\t\t\t\t\t<\/div>\n\t\t\t\t<\/div>\n\t\t\t\t<\/div>\n\t\t<div class=\"elementor-element elementor-element-a8b3b22 e-con-full e-flex e-con e-child\" data-id=\"a8b3b22\" data-element_type=\"container\" data-e-type=\"container\">\n\t\t\t\t<div class=\"elementor-element elementor-element-6e226a3 elementor-widget elementor-widget-text-editor\" data-id=\"6e226a3\" data-element_type=\"widget\" data-e-type=\"widget\" data-widget_type=\"text-editor.default\">\n\t\t\t\t<div class=\"elementor-widget-container\">\n\t\t\t\t\t\t\t\t\t<p>Infomaniak est un fournisseur europ\u00e9en de services Cloud et un d\u00e9veloppeur de technologies web bas\u00e9 en Suisse. Il propose des solutions d'h\u00e9bergement web, d'informatique Cloud, d'enregistrement de domaines, de messagerie \u00e9lectronique et de stockage de donn\u00e9es. Infomaniak met l'accent sur la durabilit\u00e9 et les pratiques \u00e9thiques, en utilisant les \u00e9nergies renouvelables pour alimenter ses centres de donn\u00e9es et en maintenant son ind\u00e9pendance vis-\u00e0-vis des grandes entreprises. Ils fournissent des outils de productivit\u00e9 \u00e9volutifs et s\u00e9curis\u00e9s pour les entreprises, les organisations publiques et les particuliers, le tout soutenu par un service client local et humain.<\/p>\t\t\t\t\t\t\t\t<\/div>\n\t\t\t\t<\/div>\n\t\t\t\t<div class=\"elementor-element elementor-element-c496ac0 elementor-align-left elementor-widget elementor-widget-button\" data-id=\"c496ac0\" data-element_type=\"widget\" data-e-type=\"widget\" data-widget_type=\"button.default\">\n\t\t\t\t<div class=\"elementor-widget-container\">\n\t\t\t\t\t\t\t\t\t<div class=\"elementor-button-wrapper\">\n\t\t\t\t\t<a class=\"elementor-button elementor-button-link elementor-size-sm\" href=\"#\">\n\t\t\t\t\t\t<span class=\"elementor-button-content-wrapper\">\n\t\t\t\t\t\t\t\t\t<span class=\"elementor-button-text\">Visiter Infomaniak<\/span>\n\t\t\t\t\t<\/span>\n\t\t\t\t\t<\/a>\n\t\t\t\t<\/div>\n\t\t\t\t\t\t\t\t<\/div>\n\t\t\t\t<\/div>\n\t\t\t\t<\/div>\n\t\t\t\t<\/div>\n\t\t\t\t\t<\/div>\n\t\t\t\t<\/div>\n\t\t<div class=\"elementor-element elementor-element-ff80f22 e-flex e-con-boxed e-con e-parent\" data-id=\"ff80f22\" data-element_type=\"container\" data-e-type=\"container\">\n\t\t\t\t\t<div class=\"e-con-inner\">\n\t\t<div class=\"elementor-element elementor-element-1fa7b8b e-con-full e-flex e-con e-child\" data-id=\"1fa7b8b\" data-element_type=\"container\" data-e-type=\"container\">\n\t\t\t\t<div class=\"elementor-element elementor-element-c51eae7 elementor-widget elementor-widget-heading\" data-id=\"c51eae7\" data-element_type=\"widget\" data-e-type=\"widget\" data-widget_type=\"heading.default\">\n\t\t\t\t<div class=\"elementor-widget-container\">\n\t\t\t\t\t<h2 class=\"elementor-heading-title elementor-size-default\">Vous souhaitez devenir l'un de nos sponsors ?<\/h2>\t\t\t\t<\/div>\n\t\t\t\t<\/div>\n\t\t\t\t<div class=\"elementor-element elementor-element-c286264 elementor-widget elementor-widget-text-editor\" data-id=\"c286264\" data-element_type=\"widget\" data-e-type=\"widget\" data-widget_type=\"text-editor.default\">\n\t\t\t\t<div class=\"elementor-widget-container\">\n\t\t\t\t\t\t\t\t\t<p>Vous souhaitez nous aider financi\u00e8rement, mat\u00e9riellement ou d'une toute autre mani\u00e8re \u00e0 atteindre notre objectif visant \u00e0 sensibiliser \u00e0 l'environnement et au respect de l'environnement ? N'h\u00e9sitez pas \u00e0 nous contacter !<\/p>\t\t\t\t\t\t\t\t<\/div>\n\t\t\t\t<\/div>\n\t\t\t\t<div class=\"elementor-element elementor-element-d6eb47e elementor-align-center elementor-widget elementor-widget-button\" data-id=\"d6eb47e\" data-element_type=\"widget\" data-e-type=\"widget\" data-widget_type=\"button.default\">\n\t\t\t\t<div class=\"elementor-widget-container\">\n\t\t\t\t\t\t\t\t\t<div class=\"elementor-button-wrapper\">\n\t\t\t\t\t<a class=\"elementor-button elementor-button-link elementor-size-sm\" href=\"https:\/\/baticlick.com\/fr\/contact-us\/\">\n\t\t\t\t\t\t<span class=\"elementor-button-content-wrapper\">\n\t\t\t\t\t\t\t\t\t<span class=\"elementor-button-text\">Contactez nous<\/span>\n\t\t\t\t\t<\/span>\n\t\t\t\t\t<\/a>\n\t\t\t\t<\/div>\n\t\t\t\t\t\t\t\t<\/div>\n\t\t\t\t<\/div>\n\t\t\t\t<\/div>\n\t\t\t\t\t<\/div>\n\t\t\t\t<\/div>\n\t\t<div class=\"elementor-element elementor-element-e85d6c5 e-flex e-con-boxed e-con e-parent\" data-id=\"e85d6c5\" data-element_type=\"container\" data-e-type=\"container\">\n\t\t\t\t\t<div class=\"e-con-inner\">\n\t\t<div class=\"elementor-element elementor-element-772addc e-con-full e-flex e-con e-child\" data-id=\"772addc\" data-element_type=\"container\" data-e-type=\"container\">\n\t\t\t\t<div class=\"elementor-element elementor-element-573a114 elementor-widget elementor-widget-spacer\" data-id=\"573a114\" data-element_type=\"widget\" data-e-type=\"widget\" data-widget_type=\"spacer.default\">\n\t\t\t\t<div class=\"elementor-widget-container\">\n\t\t\t\t\t\t\t<div class=\"elementor-spacer\">\n\t\t\t<div class=\"elementor-spacer-inner\"><\/div>\n\t\t<\/div>\n\t\t\t\t\t\t<\/div>\n\t\t\t\t<\/div>\n\t\t\t\t<div class=\"elementor-element elementor-element-fc40568 elementor-widget elementor-widget-heading\" data-id=\"fc40568\" data-element_type=\"widget\" data-e-type=\"widget\" data-widget_type=\"heading.default\">\n\t\t\t\t<div class=\"elementor-widget-container\">\n\t\t\t\t\t<h2 class=\"elementor-heading-title elementor-size-default\">Faites un don maintenant !<\/h2>\t\t\t\t<\/div>\n\t\t\t\t<\/div>\n\t\t\t\t<div class=\"elementor-element elementor-element-2e95032 elementor-widget elementor-widget-text-editor\" data-id=\"2e95032\" data-element_type=\"widget\" data-e-type=\"widget\" data-widget_type=\"text-editor.default\">\n\t\t\t\t<div class=\"elementor-widget-container\">\n\t\t\t\t\t\t\t\t\t<p>Chaque cadeau est accompagn\u00e9 d'une carte-cadeau en ligne \u00e0 offrir comme bon vous semble.<\/p>\t\t\t\t\t\t\t\t<\/div>\n\t\t\t\t<\/div>\n\t\t\t\t<div class=\"elementor-element elementor-element-a863e41 elementor-align-center elementor-widget elementor-widget-button\" data-id=\"a863e41\" data-element_type=\"widget\" data-e-type=\"widget\" data-widget_type=\"button.default\">\n\t\t\t\t<div class=\"elementor-widget-container\">\n\t\t\t\t\t\t\t\t\t<div class=\"elementor-button-wrapper\">\n\t\t\t\t\t<a class=\"elementor-button elementor-button-link elementor-size-sm\" href=\"https:\/\/baticlick.com\/fr\/contact-us\/\">\n\t\t\t\t\t\t<span class=\"elementor-button-content-wrapper\">\n\t\t\t\t\t\t\t\t\t<span class=\"elementor-button-text\">Contactez nous<\/span>\n\t\t\t\t\t<\/span>\n\t\t\t\t\t<\/a>\n\t\t\t\t<\/div>\n\t\t\t\t\t\t\t\t<\/div>\n\t\t\t\t<\/div>\n\t\t\t\t<div class=\"elementor-element elementor-element-34efa50 elementor-widget elementor-widget-spacer\" data-id=\"34efa50\" data-element_type=\"widget\" data-e-type=\"widget\" data-widget_type=\"spacer.default\">\n\t\t\t\t<div class=\"elementor-widget-container\">\n\t\t\t\t\t\t\t<div class=\"elementor-spacer\">\n\t\t\t<div class=\"elementor-spacer-inner\"><\/div>\n\t\t<\/div>\n\t\t\t\t\t\t<\/div>\n\t\t\t\t<\/div>\n\t\t\t\t<\/div>\n\t\t\t\t\t<\/div>\n\t\t\t\t<\/div>\n\t\t\t\t<\/div>","protected":false},"excerpt":{"rendered":"<p>Become an environmental hero ! Become an environmental hero ! Take the opportunity to take concrete action for our planet. By choosing to make a donation to the Baticlick Association, you are taking an active part in our fight for the environment. Every contribution, whatever its size, goes towards our environmental education programmes, our awareness [&hellip;]<\/p>\n","protected":false},"author":2,"featured_media":0,"parent":0,"menu_order":0,"comment_status":"closed","ping_status":"closed","template":"elementor_header_footer","meta":{"footnotes":""},"class_list":["post-13767","page","type-page","status-publish","hentry"],"_links":{"self":[{"href":"https:\/\/baticlick.com\/fr\/wp-json\/wp\/v2\/pages\/13767","targetHints":{"allow":["GET"]}}],"collection":[{"href":"https:\/\/baticlick.com\/fr\/wp-json\/wp\/v2\/pages"}],"about":[{"href":"https:\/\/baticlick.com\/fr\/wp-json\/wp\/v2\/types\/page"}],"author":[{"embeddable":true,"href":"https:\/\/baticlick.com\/fr\/wp-json\/wp\/v2\/users\/2"}],"replies":[{"embeddable":true,"href":"https:\/\/baticlick.com\/fr\/wp-json\/wp\/v2\/comments?post=13767"}],"version-history":[{"count":70,"href":"https:\/\/baticlick.com\/fr\/wp-json\/wp\/v2\/pages\/13767\/revisions"}],"predecessor-version":[{"id":14660,"href":"https:\/\/baticlick.com\/fr\/wp-json\/wp\/v2\/pages\/13767\/revisions\/14660"}],"wp:attachment":[{"href":"https:\/\/baticlick.com\/fr\/wp-json\/wp\/v2\/media?parent=13767"}],"curies":[{"name":"wp","href":"https:\/\/api.w.org\/{rel}","templated":true}]}}