{"id":14061,"date":"2025-03-13T09:40:21","date_gmt":"2025-03-13T09:40:21","guid":{"rendered":"https:\/\/baticlick.com\/?page_id=14061"},"modified":"2026-04-10T16:21:28","modified_gmt":"2026-04-10T16:21:28","slug":"eco-package","status":"publish","type":"page","link":"https:\/\/baticlick.com\/fr\/eco-package\/","title":{"rendered":"Eco-packs"},"content":{"rendered":"<div data-elementor-type=\"wp-page\" data-elementor-id=\"14061\" class=\"elementor elementor-14061\" data-elementor-post-type=\"page\">\n\t\t\t\t<div class=\"elementor-element elementor-element-70937f4 e-con-full e-flex e-con e-parent\" data-id=\"70937f4\" data-element_type=\"container\" data-e-type=\"container\" data-settings=\"{&quot;background_background&quot;:&quot;classic&quot;}\">\n\t\t<div class=\"elementor-element elementor-element-3a6b62f e-con-full e-flex e-con e-child\" data-id=\"3a6b62f\" data-element_type=\"container\" data-e-type=\"container\" data-settings=\"{&quot;background_background&quot;:&quot;classic&quot;}\">\n\t\t\t\t<div class=\"elementor-element elementor-element-7f3c8f6 elementor-widget elementor-widget-heading\" data-id=\"7f3c8f6\" data-element_type=\"widget\" data-e-type=\"widget\" data-widget_type=\"heading.default\">\n\t\t\t\t<div class=\"elementor-widget-container\">\n\t\t\t\t\t<h2 class=\"elementor-heading-title elementor-size-default\">Soutenir le d\u00e9veloppement durable avec Baticlick <\/h2>\t\t\t\t<\/div>\n\t\t\t\t<\/div>\n\t\t\t\t<\/div>\n\t\t\t\t<\/div>\n\t\t<div class=\"elementor-element elementor-element-452c208 e-flex e-con-boxed e-con e-parent\" data-id=\"452c208\" data-element_type=\"container\" data-e-type=\"container\">\n\t\t\t\t\t<div class=\"e-con-inner\">\n\t\t<div class=\"elementor-element elementor-element-3bc9406 e-con-full e-flex e-con e-child\" data-id=\"3bc9406\" data-element_type=\"container\" data-e-type=\"container\">\n\t\t<div class=\"elementor-element elementor-element-42463d0 e-con-full e-flex e-con e-child\" data-id=\"42463d0\" data-element_type=\"container\" data-e-type=\"container\">\n\t\t\t\t<div class=\"elementor-element elementor-element-8dcac53 elementor-widget elementor-widget-image\" data-id=\"8dcac53\" data-element_type=\"widget\" data-e-type=\"widget\" data-widget_type=\"image.default\">\n\t\t\t\t<div class=\"elementor-widget-container\">\n\t\t\t\t\t\t\t\t\t\t\t\t\t\t\t<img fetchpriority=\"high\" decoding=\"async\" width=\"497\" height=\"497\" src=\"https:\/\/baticlick.com\/wp-content\/uploads\/2025\/06\/Your-paragraph-text-modified.png\" class=\"attachment-full size-full wp-image-14463\" alt=\"\" srcset=\"https:\/\/baticlick.com\/wp-content\/uploads\/2025\/06\/Your-paragraph-text-modified.png 497w, https:\/\/baticlick.com\/wp-content\/uploads\/2025\/06\/Your-paragraph-text-modified-370x370.png 370w, https:\/\/baticlick.com\/wp-content\/uploads\/2025\/06\/Your-paragraph-text-modified-130x130.png 130w, https:\/\/baticlick.com\/wp-content\/uploads\/2025\/06\/Your-paragraph-text-modified-300x300.png 300w, https:\/\/baticlick.com\/wp-content\/uploads\/2025\/06\/Your-paragraph-text-modified-150x150.png 150w, https:\/\/baticlick.com\/wp-content\/uploads\/2025\/06\/Your-paragraph-text-modified-12x12.png 12w, https:\/\/baticlick.com\/wp-content\/uploads\/2025\/06\/Your-paragraph-text-modified-50x50.png 50w, https:\/\/baticlick.com\/wp-content\/uploads\/2025\/06\/Your-paragraph-text-modified-100x100.png 100w\" sizes=\"(max-width: 497px) 100vw, 497px\" \/>\t\t\t\t\t\t\t\t\t\t\t\t\t\t\t<\/div>\n\t\t\t\t<\/div>\n\t\t\t\t<\/div>\n\t\t<div class=\"elementor-element elementor-element-c102b0d e-con-full e-flex e-con e-child\" data-id=\"c102b0d\" data-element_type=\"container\" data-e-type=\"container\">\n\t\t\t\t<div class=\"elementor-element elementor-element-f221b62 elementor-widget elementor-widget-heading\" data-id=\"f221b62\" data-element_type=\"widget\" data-e-type=\"widget\" data-widget_type=\"heading.default\">\n\t\t\t\t<div class=\"elementor-widget-container\">\n\t\t\t\t\t<h2 class=\"elementor-heading-title elementor-size-default\">Bienvenue dans notre initiative d'\u00e9co-emballage ! L'association Baticlick est fi\u00e8re d'offrir aux entreprises une occasion unique de d\u00e9montrer leur engagement en faveur de l'environnement et du d\u00e9veloppement durable. En soutenant notre association \u00e0 but non lucratif, votre entreprise peut obtenir le prestigieux label \"Baticlick\", d\u00e9montrant ainsi votre engagement \u00e0 avoir un impact positif.<\/h2>\t\t\t\t<\/div>\n\t\t\t\t<\/div>\n\t\t\t\t<\/div>\n\t\t\t\t<\/div>\n\t\t\t\t\t<\/div>\n\t\t\t\t<\/div>\n\t\t<div class=\"elementor-element elementor-element-99696e2 e-flex e-con-boxed e-con e-parent\" data-id=\"99696e2\" data-element_type=\"container\" data-e-type=\"container\">\n\t\t\t\t\t<div class=\"e-con-inner\">\n\t\t\t\t\t<\/div>\n\t\t\t\t<\/div>\n\t\t<div class=\"elementor-element elementor-element-3ba7928 e-flex e-con-boxed e-con e-parent\" data-id=\"3ba7928\" data-element_type=\"container\" data-e-type=\"container\">\n\t\t\t\t\t<div class=\"e-con-inner\">\n\t\t\t\t<div class=\"elementor-element elementor-element-855fb35 elementor-widget elementor-widget-heading\" data-id=\"855fb35\" data-element_type=\"widget\" data-e-type=\"widget\" data-widget_type=\"heading.default\">\n\t\t\t\t<div class=\"elementor-widget-container\">\n\t\t\t\t\t<h2 class=\"elementor-heading-title elementor-size-default\">Eco-packs<\/h2>\t\t\t\t<\/div>\n\t\t\t\t<\/div>\n\t\t<div class=\"elementor-element elementor-element-30779ee e-con-full e-flex e-con e-child\" data-id=\"30779ee\" data-element_type=\"container\" data-e-type=\"container\">\n\t\t<div class=\"elementor-element elementor-element-3a49f1e e-con-full e-flex e-con e-child\" data-id=\"3a49f1e\" data-element_type=\"container\" data-e-type=\"container\" data-settings=\"{&quot;background_background&quot;:&quot;classic&quot;}\">\n\t\t\t\t<div class=\"elementor-element elementor-element-edede6f elementor-widget elementor-widget-heading\" data-id=\"edede6f\" data-element_type=\"widget\" data-e-type=\"widget\" data-widget_type=\"heading.default\">\n\t\t\t\t<div class=\"elementor-widget-container\">\n\t\t\t\t\t<h2 class=\"elementor-heading-title elementor-size-default\">Pack 1 : Basic<\/h2>\t\t\t\t<\/div>\n\t\t\t\t<\/div>\n\t\t\t\t<div class=\"elementor-element elementor-element-ae559f4 elementor-widget-divider--view-line elementor-widget elementor-widget-divider\" data-id=\"ae559f4\" data-element_type=\"widget\" data-e-type=\"widget\" data-widget_type=\"divider.default\">\n\t\t\t\t<div class=\"elementor-widget-container\">\n\t\t\t\t\t\t\t<div class=\"elementor-divider\">\n\t\t\t<span class=\"elementor-divider-separator\">\n\t\t\t\t\t\t<\/span>\n\t\t<\/div>\n\t\t\t\t\t\t<\/div>\n\t\t\t\t<\/div>\n\t\t\t\t<div class=\"elementor-element elementor-element-09146fd elementor-widget elementor-widget-image\" data-id=\"09146fd\" data-element_type=\"widget\" data-e-type=\"widget\" data-widget_type=\"image.default\">\n\t\t\t\t<div class=\"elementor-widget-container\">\n\t\t\t\t\t\t\t\t\t\t\t\t\t\t\t<img decoding=\"async\" width=\"370\" height=\"370\" src=\"https:\/\/baticlick.com\/wp-content\/uploads\/2025\/03\/pexels-lara-jameson-9324330-scaled-370x370.jpg\" class=\"attachment-woocommerce_thumbnail size-woocommerce_thumbnail wp-image-14246\" alt=\"\" srcset=\"https:\/\/baticlick.com\/wp-content\/uploads\/2025\/03\/pexels-lara-jameson-9324330-scaled-370x370.jpg 370w, https:\/\/baticlick.com\/wp-content\/uploads\/2025\/03\/pexels-lara-jameson-9324330-scaled-130x130.jpg 130w, https:\/\/baticlick.com\/wp-content\/uploads\/2025\/03\/pexels-lara-jameson-9324330-150x150.jpg 150w, https:\/\/baticlick.com\/wp-content\/uploads\/2025\/03\/pexels-lara-jameson-9324330-50x50.jpg 50w, https:\/\/baticlick.com\/wp-content\/uploads\/2025\/03\/pexels-lara-jameson-9324330-100x100.jpg 100w\" sizes=\"(max-width: 370px) 100vw, 370px\" \/>\t\t\t\t\t\t\t\t\t\t\t\t\t\t\t<\/div>\n\t\t\t\t<\/div>\n\t\t\t\t<div class=\"elementor-element elementor-element-168d06d elementor-widget elementor-widget-text-editor\" data-id=\"168d06d\" data-element_type=\"widget\" data-e-type=\"widget\" data-widget_type=\"text-editor.default\">\n\t\t\t\t<div class=\"elementor-widget-container\">\n\t\t\t\t\t\t\t\t\t<p><b>Avantages :<\/b><\/p><ul><li>Plantation de 100 arbres en Europe<\/li><li>\u201cLabel \u201dBaticlick\" pour votre site web et votre mat\u00e9riel promotionnel<\/li><\/ul>\t\t\t\t\t\t\t\t<\/div>\n\t\t\t\t<\/div>\n\t\t\t\t<div class=\"elementor-element elementor-element-30ffe72 elementor-widget elementor-widget-text-editor\" data-id=\"30ffe72\" data-element_type=\"widget\" data-e-type=\"widget\" data-widget_type=\"text-editor.default\">\n\t\t\t\t<div class=\"elementor-widget-container\">\n\t\t\t\t\t\t\t\t\t<p><b>Impact : <\/b> votre don permet de reboiser l'Europe et de soutenir le d\u00e9veloppement durable.<\/p>\t\t\t\t\t\t\t\t<\/div>\n\t\t\t\t<\/div>\n\t\t\t\t<\/div>\n\t\t<div class=\"elementor-element elementor-element-866477a e-con-full e-flex e-con e-child\" data-id=\"866477a\" data-element_type=\"container\" data-e-type=\"container\" data-settings=\"{&quot;background_background&quot;:&quot;classic&quot;}\">\n\t\t\t\t<div class=\"elementor-element elementor-element-c5b1fc3 elementor-widget elementor-widget-heading\" data-id=\"c5b1fc3\" data-element_type=\"widget\" data-e-type=\"widget\" data-widget_type=\"heading.default\">\n\t\t\t\t<div class=\"elementor-widget-container\">\n\t\t\t\t\t<h2 class=\"elementor-heading-title elementor-size-default\">Pack 2 : Standard<\/h2>\t\t\t\t<\/div>\n\t\t\t\t<\/div>\n\t\t\t\t<div class=\"elementor-element elementor-element-e4058d4 elementor-widget-divider--view-line elementor-widget elementor-widget-divider\" data-id=\"e4058d4\" data-element_type=\"widget\" data-e-type=\"widget\" data-widget_type=\"divider.default\">\n\t\t\t\t<div class=\"elementor-widget-container\">\n\t\t\t\t\t\t\t<div class=\"elementor-divider\">\n\t\t\t<span class=\"elementor-divider-separator\">\n\t\t\t\t\t\t<\/span>\n\t\t<\/div>\n\t\t\t\t\t\t<\/div>\n\t\t\t\t<\/div>\n\t\t\t\t<div class=\"elementor-element elementor-element-5a3d9f7 elementor-widget elementor-widget-image\" data-id=\"5a3d9f7\" data-element_type=\"widget\" data-e-type=\"widget\" data-widget_type=\"image.default\">\n\t\t\t\t<div class=\"elementor-widget-container\">\n\t\t\t\t\t\t\t\t\t\t\t\t\t\t\t<img decoding=\"async\" width=\"370\" height=\"370\" src=\"https:\/\/baticlick.com\/wp-content\/uploads\/2025\/03\/pexels-artempodrez-6990601-scaled-370x370.jpg\" class=\"attachment-woocommerce_thumbnail size-woocommerce_thumbnail wp-image-14263\" alt=\"\" srcset=\"https:\/\/baticlick.com\/wp-content\/uploads\/2025\/03\/pexels-artempodrez-6990601-scaled-370x370.jpg 370w, https:\/\/baticlick.com\/wp-content\/uploads\/2025\/03\/pexels-artempodrez-6990601-scaled-130x130.jpg 130w, https:\/\/baticlick.com\/wp-content\/uploads\/2025\/03\/pexels-artempodrez-6990601-150x150.jpg 150w, https:\/\/baticlick.com\/wp-content\/uploads\/2025\/03\/pexels-artempodrez-6990601-50x50.jpg 50w, https:\/\/baticlick.com\/wp-content\/uploads\/2025\/03\/pexels-artempodrez-6990601-100x100.jpg 100w\" sizes=\"(max-width: 370px) 100vw, 370px\" \/>\t\t\t\t\t\t\t\t\t\t\t\t\t\t\t<\/div>\n\t\t\t\t<\/div>\n\t\t\t\t<div class=\"elementor-element elementor-element-c11fcc7 elementor-widget elementor-widget-text-editor\" data-id=\"c11fcc7\" data-element_type=\"widget\" data-e-type=\"widget\" data-widget_type=\"text-editor.default\">\n\t\t\t\t<div class=\"elementor-widget-container\">\n\t\t\t\t\t\t\t\t\t<p><b>Avantages :<\/b><\/p><ul><li style=\"list-style-type: none;\"><ul><li>Plantation de 100 arbres en Europe<\/li><li>Soutien aux activit\u00e9s \u00e9ducatives gratuites dans les \u00e9coles<\/li><li>\u201cLabel \u201dBaticlick\" pour votre site web et votre mat\u00e9riel promotionnel<\/li><\/ul><\/li><\/ul>\t\t\t\t\t\t\t\t<\/div>\n\t\t\t\t<\/div>\n\t\t\t\t<div class=\"elementor-element elementor-element-277b3ad elementor-widget elementor-widget-text-editor\" data-id=\"277b3ad\" data-element_type=\"widget\" data-e-type=\"widget\" data-widget_type=\"text-editor.default\">\n\t\t\t\t<div class=\"elementor-widget-container\">\n\t\t\t\t\t\t\t\t\t<p><b>Impact :<\/b> en plus de reboiser l'Europe, votre don permet de soutenir l'\u00e9ducation \u00e0 l'environnement pour la prochaine g\u00e9n\u00e9ration<\/p>\t\t\t\t\t\t\t\t<\/div>\n\t\t\t\t<\/div>\n\t\t\t\t<\/div>\n\t\t<div class=\"elementor-element elementor-element-d2a0632 e-con-full e-flex e-con e-child\" data-id=\"d2a0632\" data-element_type=\"container\" data-e-type=\"container\" data-settings=\"{&quot;background_background&quot;:&quot;classic&quot;}\">\n\t\t\t\t<div class=\"elementor-element elementor-element-a204bd2 elementor-widget elementor-widget-heading\" data-id=\"a204bd2\" data-element_type=\"widget\" data-e-type=\"widget\" data-widget_type=\"heading.default\">\n\t\t\t\t<div class=\"elementor-widget-container\">\n\t\t\t\t\t<h2 class=\"elementor-heading-title elementor-size-default\">Pack 3 : Premium<\/h2>\t\t\t\t<\/div>\n\t\t\t\t<\/div>\n\t\t\t\t<div class=\"elementor-element elementor-element-974ce1c elementor-widget-divider--view-line elementor-widget elementor-widget-divider\" data-id=\"974ce1c\" data-element_type=\"widget\" data-e-type=\"widget\" data-widget_type=\"divider.default\">\n\t\t\t\t<div class=\"elementor-widget-container\">\n\t\t\t\t\t\t\t<div class=\"elementor-divider\">\n\t\t\t<span class=\"elementor-divider-separator\">\n\t\t\t\t\t\t<\/span>\n\t\t<\/div>\n\t\t\t\t\t\t<\/div>\n\t\t\t\t<\/div>\n\t\t\t\t<div class=\"elementor-element elementor-element-0c58338 elementor-widget elementor-widget-image\" data-id=\"0c58338\" data-element_type=\"widget\" data-e-type=\"widget\" data-widget_type=\"image.default\">\n\t\t\t\t<div class=\"elementor-widget-container\">\n\t\t\t\t\t\t\t\t\t\t\t\t\t\t\t<img loading=\"lazy\" decoding=\"async\" width=\"370\" height=\"370\" src=\"https:\/\/baticlick.com\/wp-content\/uploads\/2025\/03\/pexels-ron-lach-10365942-scaled-370x370.jpg\" class=\"attachment-woocommerce_thumbnail size-woocommerce_thumbnail wp-image-14264\" alt=\"\" srcset=\"https:\/\/baticlick.com\/wp-content\/uploads\/2025\/03\/pexels-ron-lach-10365942-scaled-370x370.jpg 370w, https:\/\/baticlick.com\/wp-content\/uploads\/2025\/03\/pexels-ron-lach-10365942-scaled-130x130.jpg 130w, https:\/\/baticlick.com\/wp-content\/uploads\/2025\/03\/pexels-ron-lach-10365942-150x150.jpg 150w, https:\/\/baticlick.com\/wp-content\/uploads\/2025\/03\/pexels-ron-lach-10365942-50x50.jpg 50w, https:\/\/baticlick.com\/wp-content\/uploads\/2025\/03\/pexels-ron-lach-10365942-100x100.jpg 100w\" sizes=\"(max-width: 370px) 100vw, 370px\" \/>\t\t\t\t\t\t\t\t\t\t\t\t\t\t\t<\/div>\n\t\t\t\t<\/div>\n\t\t\t\t<div class=\"elementor-element elementor-element-7679e18 elementor-widget elementor-widget-text-editor\" data-id=\"7679e18\" data-element_type=\"widget\" data-e-type=\"widget\" data-widget_type=\"text-editor.default\">\n\t\t\t\t<div class=\"elementor-widget-container\">\n\t\t\t\t\t\t\t\t\t<p><b>Avantages :<\/b><\/p><ul><li>Plantation de 100 arbres en Europe<\/li><li>Soutien aux activit\u00e9s \u00e9ducatives gratuites dans les \u00e9coles<\/li><li>Campagne de communication compl\u00e8te (m\u00e9dias sociaux, bulletins d'information et divers contenus de communication pour les employ\u00e9s, les clients et les fournisseurs)<\/li><li>\u201cLabel \u201dBaticlick\" pour votre site web et votre mat\u00e9riel promotionnel<\/li><\/ul>\t\t\t\t\t\t\t\t<\/div>\n\t\t\t\t<\/div>\n\t\t\t\t<div class=\"elementor-element elementor-element-bf3a435 elementor-widget elementor-widget-text-editor\" data-id=\"bf3a435\" data-element_type=\"widget\" data-e-type=\"widget\" data-widget_type=\"text-editor.default\">\n\t\t\t\t<div class=\"elementor-widget-container\">\n\t\t\t\t\t\t\t\t\t<p><b>Impact : <\/b> votre don permet de reboiser l'Europe et de soutenir le d\u00e9veloppement durable.<\/p>\t\t\t\t\t\t\t\t<\/div>\n\t\t\t\t<\/div>\n\t\t\t\t<\/div>\n\t\t\t\t<\/div>\n\t\t\t\t\t<\/div>\n\t\t\t\t<\/div>\n\t\t<div class=\"elementor-element elementor-element-2c50a5f e-flex e-con-boxed e-con e-parent\" data-id=\"2c50a5f\" data-element_type=\"container\" data-e-type=\"container\">\n\t\t\t\t\t<div class=\"e-con-inner\">\n\t\t\t\t<div class=\"elementor-element elementor-element-9ea7bbd elementor-widget elementor-widget-heading\" data-id=\"9ea7bbd\" data-element_type=\"widget\" data-e-type=\"widget\" data-widget_type=\"heading.default\">\n\t\t\t\t<div class=\"elementor-widget-container\">\n\t\t\t\t\t<h2 class=\"elementor-heading-title elementor-size-default\">Comment \u00e7a marche ?<\/h2>\t\t\t\t<\/div>\n\t\t\t\t<\/div>\n\t\t<div class=\"elementor-element elementor-element-fb2cfd1 e-con-full e-flex e-con e-child\" data-id=\"fb2cfd1\" data-element_type=\"container\" data-e-type=\"container\">\n\t\t<div class=\"elementor-element elementor-element-2bcc624 e-con-full e-flex e-con e-child\" data-id=\"2bcc624\" data-element_type=\"container\" data-e-type=\"container\" data-settings=\"{&quot;background_background&quot;:&quot;classic&quot;}\">\n\t\t\t\t<div class=\"elementor-element elementor-element-407530f elementor-widget elementor-widget-icon-box\" data-id=\"407530f\" data-element_type=\"widget\" data-e-type=\"widget\" data-widget_type=\"icon-box.default\">\n\t\t\t\t<div class=\"elementor-widget-container\">\n\t\t\t\t\t\t\t<div class=\"elementor-icon-box-wrapper\">\n\n\t\t\t\n\t\t\t\t\t\t<div class=\"elementor-icon-box-content\">\n\n\t\t\t\t\t\t\t\t\t<h3 class=\"elementor-icon-box-title\">\n\t\t\t\t\t\t<span  >\n\t\t\t\t\t\t\tChoisissez votre forfait\t\t\t\t\t\t<\/span>\n\t\t\t\t\t<\/h3>\n\t\t\t\t\n\t\t\t\t\t\t\t\t\t<p class=\"elementor-icon-box-description\">\n\t\t\t\t\t\tS\u00e9lectionnez la formule de soutien \u00e0 la communication qui r\u00e9pond le mieux aux besoins de votre entreprise.\t\t\t\t\t<\/p>\n\t\t\t\t\n\t\t\t<\/div>\n\t\t\t\n\t\t<\/div>\n\t\t\t\t\t\t<\/div>\n\t\t\t\t<\/div>\n\t\t\t\t<\/div>\n\t\t<div class=\"elementor-element elementor-element-b7c3a20 e-con-full e-flex e-con e-child\" data-id=\"b7c3a20\" data-element_type=\"container\" data-e-type=\"container\" data-settings=\"{&quot;background_background&quot;:&quot;classic&quot;}\">\n\t\t\t\t<div class=\"elementor-element elementor-element-ba21a99 elementor-widget elementor-widget-icon-box\" data-id=\"ba21a99\" data-element_type=\"widget\" data-e-type=\"widget\" data-widget_type=\"icon-box.default\">\n\t\t\t\t<div class=\"elementor-widget-container\">\n\t\t\t\t\t\t\t<div class=\"elementor-icon-box-wrapper\">\n\n\t\t\t\n\t\t\t\t\t\t<div class=\"elementor-icon-box-content\">\n\n\t\t\t\t\t\t\t\t\t<h3 class=\"elementor-icon-box-title\">\n\t\t\t\t\t\t<span  >\n\t\t\t\t\t\t\tFaire un don\t\t\t\t\t\t<\/span>\n\t\t\t\t\t<\/h3>\n\t\t\t\t\n\t\t\t\t\t\t\t\t\t<p class=\"elementor-icon-box-description\">\n\t\t\t\t\t\tVersez le montant sp\u00e9cifi\u00e9 pour soutenir nos initiatives.\t\t\t\t\t<\/p>\n\t\t\t\t\n\t\t\t<\/div>\n\t\t\t\n\t\t<\/div>\n\t\t\t\t\t\t<\/div>\n\t\t\t\t<\/div>\n\t\t\t\t<\/div>\n\t\t<div class=\"elementor-element elementor-element-5d0f391 e-con-full e-flex e-con e-child\" data-id=\"5d0f391\" data-element_type=\"container\" data-e-type=\"container\" data-settings=\"{&quot;background_background&quot;:&quot;classic&quot;}\">\n\t\t\t\t<div class=\"elementor-element elementor-element-31fc6f7 elementor-widget elementor-widget-icon-box\" data-id=\"31fc6f7\" data-element_type=\"widget\" data-e-type=\"widget\" data-widget_type=\"icon-box.default\">\n\t\t\t\t<div class=\"elementor-widget-container\">\n\t\t\t\t\t\t\t<div class=\"elementor-icon-box-wrapper\">\n\n\t\t\t\n\t\t\t\t\t\t<div class=\"elementor-icon-box-content\">\n\n\t\t\t\t\t\t\t\t\t<h3 class=\"elementor-icon-box-title\">\n\t\t\t\t\t\t<span  >\n\t\t\t\t\t\t\tRecevez votre \u00e9tiquette\t\t\t\t\t\t<\/span>\n\t\t\t\t\t<\/h3>\n\t\t\t\t\n\t\t\t\t\t\t\t\t\t<p class=\"elementor-icon-box-description\">\n\t\t\t\t\t\tObtenez le label \"Baticlick\" pour l'afficher sur votre site web et votre mat\u00e9riel promotionnel.\t\t\t\t\t<\/p>\n\t\t\t\t\n\t\t\t<\/div>\n\t\t\t\n\t\t<\/div>\n\t\t\t\t\t\t<\/div>\n\t\t\t\t<\/div>\n\t\t\t\t<\/div>\n\t\t<div class=\"elementor-element elementor-element-eb4d479 e-con-full e-flex e-con e-child\" data-id=\"eb4d479\" data-element_type=\"container\" data-e-type=\"container\" data-settings=\"{&quot;background_background&quot;:&quot;classic&quot;}\">\n\t\t\t\t<div class=\"elementor-element elementor-element-76ebb46 elementor-widget elementor-widget-icon-box\" data-id=\"76ebb46\" data-element_type=\"widget\" data-e-type=\"widget\" data-widget_type=\"icon-box.default\">\n\t\t\t\t<div class=\"elementor-widget-container\">\n\t\t\t\t\t\t\t<div class=\"elementor-icon-box-wrapper\">\n\n\t\t\t\n\t\t\t\t\t\t<div class=\"elementor-icon-box-content\">\n\n\t\t\t\t\t\t\t\t\t<h3 class=\"elementor-icon-box-title\">\n\t\t\t\t\t\t<span  >\n\t\t\t\t\t\t\tAvoir un impact\t\t\t\t\t\t<\/span>\n\t\t\t\t\t<\/h3>\n\t\t\t\t\n\t\t\t\t\t\t\t\t\t<p class=\"elementor-icon-box-description\">\n\t\t\t\t\t\tVotre don contribuera directement \u00e0 la plantation d'arbres, au soutien \u00e0 l'\u00e9ducation et \u00e0 la sensibilisation au d\u00e9veloppement durable.\t\t\t\t\t<\/p>\n\t\t\t\t\n\t\t\t<\/div>\n\t\t\t\n\t\t<\/div>\n\t\t\t\t\t\t<\/div>\n\t\t\t\t<\/div>\n\t\t\t\t<\/div>\n\t\t\t\t<\/div>\n\t\t\t\t\t<\/div>\n\t\t\t\t<\/div>\n\t\t<div class=\"elementor-element elementor-element-0687efe e-flex e-con-boxed e-con e-parent\" data-id=\"0687efe\" data-element_type=\"container\" data-e-type=\"container\">\n\t\t\t\t\t<div class=\"e-con-inner\">\n\t\t\t\t<div class=\"elementor-element elementor-element-db928b2 elementor-widget elementor-widget-heading\" data-id=\"db928b2\" data-element_type=\"widget\" data-e-type=\"widget\" data-widget_type=\"heading.default\">\n\t\t\t\t<div class=\"elementor-widget-container\">\n\t\t\t\t\t<h2 class=\"elementor-heading-title elementor-size-default\">Pourquoi nous soutenir ?<\/h2>\t\t\t\t<\/div>\n\t\t\t\t<\/div>\n\t\t\t\t<div class=\"elementor-element elementor-element-e80f5aa elementor-widget elementor-widget-heading\" data-id=\"e80f5aa\" data-element_type=\"widget\" data-e-type=\"widget\" data-widget_type=\"heading.default\">\n\t\t\t\t<div class=\"elementor-widget-container\">\n\t\t\t\t\t<h2 class=\"elementor-heading-title elementor-size-default\">En s'associant \u00e0 Baticlick, votre entreprise contribue non seulement \u00e0 la durabilit\u00e9 de l'environnement, mais obtient \u00e9galement la reconnaissance de ses efforts. Le label \"Baticlick\" t\u00e9moigne de votre engagement en faveur d'un avenir plus vert.<\/h2>\t\t\t\t<\/div>\n\t\t\t\t<\/div>\n\t\t\t\t\t<\/div>\n\t\t\t\t<\/div>\n\t\t<div class=\"elementor-element elementor-element-b45779b e-flex e-con-boxed e-con e-parent\" data-id=\"b45779b\" data-element_type=\"container\" data-e-type=\"container\">\n\t\t\t\t\t<div class=\"e-con-inner\">\n\t\t<div class=\"elementor-element elementor-element-6843305 e-con-full e-flex e-con e-child\" data-id=\"6843305\" data-element_type=\"container\" data-e-type=\"container\">\n\t\t\t\t<div class=\"elementor-element elementor-element-3913b7e elementor-widget elementor-widget-heading\" data-id=\"3913b7e\" data-element_type=\"widget\" data-e-type=\"widget\" data-widget_type=\"heading.default\">\n\t\t\t\t<div class=\"elementor-widget-container\">\n\t\t\t\t\t<h2 class=\"elementor-heading-title elementor-size-default\">Nous contacter<\/h2>\t\t\t\t<\/div>\n\t\t\t\t<\/div>\n\t\t\t\t<\/div>\n\t\t<div class=\"elementor-element elementor-element-04d8d89 e-con-full e-flex e-con e-child\" data-id=\"04d8d89\" data-element_type=\"container\" data-e-type=\"container\">\n\t\t\t\t<div class=\"elementor-element elementor-element-9a9b58e elementor-widget elementor-widget-heading\" data-id=\"9a9b58e\" data-element_type=\"widget\" data-e-type=\"widget\" data-widget_type=\"heading.default\">\n\t\t\t\t<div class=\"elementor-widget-container\">\n\t\t\t\t\t<h2 class=\"elementor-heading-title elementor-size-default\">Pour plus d'informations ou pour vous lancer, veuillez nous contacter \u00e0 l'adresse suivante <\/h2>\t\t\t\t<\/div>\n\t\t\t\t<\/div>\n\t\t\t\t<div class=\"elementor-element elementor-element-b8256fc elementor-widget elementor-widget-button\" data-id=\"b8256fc\" data-element_type=\"widget\" data-e-type=\"widget\" data-widget_type=\"button.default\">\n\t\t\t\t<div class=\"elementor-widget-container\">\n\t\t\t\t\t\t\t\t\t<div class=\"elementor-button-wrapper\">\n\t\t\t\t\t<a class=\"elementor-button elementor-button-link elementor-size-sm\" href=\"https:\/\/baticlick.com\/fr\/contact-us\/\">\n\t\t\t\t\t\t<span class=\"elementor-button-content-wrapper\">\n\t\t\t\t\t\t\t\t\t<span class=\"elementor-button-text\">Nous contacter<\/span>\n\t\t\t\t\t<\/span>\n\t\t\t\t\t<\/a>\n\t\t\t\t<\/div>\n\t\t\t\t\t\t\t\t<\/div>\n\t\t\t\t<\/div>\n\t\t\t\t<\/div>\n\t\t\t\t\t<\/div>\n\t\t\t\t<\/div>\n\t\t\t\t<\/div>","protected":false},"excerpt":{"rendered":"<p>Support sustainable development with Baticlick Welcome to our eco-package initiative! Baticlick Association is proud to offer companies a unique opportunity to demonstrate their commitment to the environment and sustainable development. By supporting our non-profit association, your company can earn the prestigious &#8220;Baticlick&#8221; label, showcasing your dedication to making a positive impact. Eco-Packages Package 1: Basic [&hellip;]<\/p>\n","protected":false},"author":2,"featured_media":0,"parent":0,"menu_order":0,"comment_status":"closed","ping_status":"closed","template":"","meta":{"footnotes":""},"class_list":["post-14061","page","type-page","status-publish","hentry"],"_links":{"self":[{"href":"https:\/\/baticlick.com\/fr\/wp-json\/wp\/v2\/pages\/14061","targetHints":{"allow":["GET"]}}],"collection":[{"href":"https:\/\/baticlick.com\/fr\/wp-json\/wp\/v2\/pages"}],"about":[{"href":"https:\/\/baticlick.com\/fr\/wp-json\/wp\/v2\/types\/page"}],"author":[{"embeddable":true,"href":"https:\/\/baticlick.com\/fr\/wp-json\/wp\/v2\/users\/2"}],"replies":[{"embeddable":true,"href":"https:\/\/baticlick.com\/fr\/wp-json\/wp\/v2\/comments?post=14061"}],"version-history":[{"count":106,"href":"https:\/\/baticlick.com\/fr\/wp-json\/wp\/v2\/pages\/14061\/revisions"}],"predecessor-version":[{"id":14835,"href":"https:\/\/baticlick.com\/fr\/wp-json\/wp\/v2\/pages\/14061\/revisions\/14835"}],"wp:attachment":[{"href":"https:\/\/baticlick.com\/fr\/wp-json\/wp\/v2\/media?parent=14061"}],"curies":[{"name":"wp","href":"https:\/\/api.w.org\/{rel}","templated":true}]}}