{"id":14107,"date":"2025-03-13T16:32:47","date_gmt":"2025-03-13T16:32:47","guid":{"rendered":"https:\/\/baticlick.com\/?page_id=14107"},"modified":"2026-04-10T16:15:14","modified_gmt":"2026-04-10T16:15:14","slug":"eco-communication","status":"publish","type":"page","link":"https:\/\/baticlick.com\/fr\/eco-communication\/","title":{"rendered":"Eco Communication"},"content":{"rendered":"<div data-elementor-type=\"wp-page\" data-elementor-id=\"14107\" class=\"elementor elementor-14107\" data-elementor-post-type=\"page\">\n\t\t\t\t<div class=\"elementor-element elementor-element-e7e8b8b e-con-full e-flex e-con e-parent\" data-id=\"e7e8b8b\" data-element_type=\"container\" data-e-type=\"container\" data-settings=\"{&quot;background_background&quot;:&quot;classic&quot;}\">\n\t\t<div class=\"elementor-element elementor-element-25401b2 e-flex e-con-boxed e-con e-child\" data-id=\"25401b2\" data-element_type=\"container\" data-e-type=\"container\">\n\t\t\t\t\t<div class=\"e-con-inner\">\n\t\t\t\t\t<\/div>\n\t\t\t\t<\/div>\n\t\t<div class=\"elementor-element elementor-element-3b76ccd e-con-full e-flex e-con e-child\" data-id=\"3b76ccd\" data-element_type=\"container\" data-e-type=\"container\" data-settings=\"{&quot;background_background&quot;:&quot;classic&quot;}\">\n\t\t<div class=\"elementor-element elementor-element-e6dacd1 e-con-full e-flex e-con e-child\" data-id=\"e6dacd1\" data-element_type=\"container\" data-e-type=\"container\">\n\t\t\t\t<div class=\"elementor-element elementor-element-41d5833 elementor-widget elementor-widget-heading\" data-id=\"41d5833\" data-element_type=\"widget\" data-e-type=\"widget\" data-widget_type=\"heading.default\">\n\t\t\t\t<div class=\"elementor-widget-container\">\n\t\t\t\t\t<h2 class=\"elementor-heading-title elementor-size-default\">Am\u00e9liorez votre communication sur le d\u00e9veloppement durable avec Baticlick \n<\/h2>\t\t\t\t<\/div>\n\t\t\t\t<\/div>\n\t\t\t\t<div class=\"elementor-element elementor-element-9c1fc57 elementor-widget elementor-widget-heading\" data-id=\"9c1fc57\" data-element_type=\"widget\" data-e-type=\"widget\" data-widget_type=\"heading.default\">\n\t\t\t\t<div class=\"elementor-widget-container\">\n\t\t\t\t\t<h2 class=\"elementor-heading-title elementor-size-default\">Rejoignez l'association Baticlick pour promouvoir le d\u00e9veloppement durable ! Nous offrons aux entreprises un soutien complet pour communiquer efficacement leurs initiatives en mati\u00e8re de d\u00e9veloppement durable. En s'associant avec nous, votre entreprise peut centraliser et amplifier ses efforts, en mettant en avant votre engagement pour un avenir plus vert.<\/h2>\t\t\t\t<\/div>\n\t\t\t\t<\/div>\n\t\t\t\t<\/div>\n\t\t\t\t<\/div>\n\t\t\t\t<\/div>\n\t\t<div class=\"elementor-element elementor-element-5498a6d e-flex e-con-boxed e-con e-parent\" data-id=\"5498a6d\" data-element_type=\"container\" data-e-type=\"container\">\n\t\t\t\t\t<div class=\"e-con-inner\">\n\t\t\t\t<div class=\"elementor-element elementor-element-6d12e76 elementor-widget elementor-widget-heading\" data-id=\"6d12e76\" data-element_type=\"widget\" data-e-type=\"widget\" data-widget_type=\"heading.default\">\n\t\t\t\t<div class=\"elementor-widget-container\">\n\t\t\t\t\t<h2 class=\"elementor-heading-title elementor-size-default\">Soutien \u00e0 la communication <\/h2>\t\t\t\t<\/div>\n\t\t\t\t<\/div>\n\t\t<div class=\"elementor-element elementor-element-668ce8b e-con-full e-flex e-con e-child\" data-id=\"668ce8b\" data-element_type=\"container\" data-e-type=\"container\">\n\t\t<div class=\"elementor-element elementor-element-9b6c4d2 e-con-full e-flex e-con e-child\" data-id=\"9b6c4d2\" data-element_type=\"container\" data-e-type=\"container\" data-settings=\"{&quot;background_background&quot;:&quot;classic&quot;}\">\n\t\t\t\t<div class=\"elementor-element elementor-element-dc13724 elementor-widget elementor-widget-heading\" data-id=\"dc13724\" data-element_type=\"widget\" data-e-type=\"widget\" data-widget_type=\"heading.default\">\n\t\t\t\t<div class=\"elementor-widget-container\">\n\t\t\t\t\t<h2 class=\"elementor-heading-title elementor-size-default\">Pack 1 : Basic <\/h2>\t\t\t\t<\/div>\n\t\t\t\t<\/div>\n\t\t\t\t<div class=\"elementor-element elementor-element-556aa62 elementor-widget-divider--view-line elementor-widget elementor-widget-divider\" data-id=\"556aa62\" data-element_type=\"widget\" data-e-type=\"widget\" data-widget_type=\"divider.default\">\n\t\t\t\t<div class=\"elementor-widget-container\">\n\t\t\t\t\t\t\t<div class=\"elementor-divider\">\n\t\t\t<span class=\"elementor-divider-separator\">\n\t\t\t\t\t\t<\/span>\n\t\t<\/div>\n\t\t\t\t\t\t<\/div>\n\t\t\t\t<\/div>\n\t\t\t\t<div class=\"elementor-element elementor-element-d041087 elementor-widget elementor-widget-image\" data-id=\"d041087\" data-element_type=\"widget\" data-e-type=\"widget\" data-widget_type=\"image.default\">\n\t\t\t\t<div class=\"elementor-widget-container\">\n\t\t\t\t\t\t\t\t\t\t\t\t\t\t\t<img fetchpriority=\"high\" decoding=\"async\" width=\"370\" height=\"370\" src=\"https:\/\/baticlick.com\/wp-content\/uploads\/2025\/03\/pexels-lara-jameson-9324330-scaled-370x370.jpg\" class=\"attachment-woocommerce_thumbnail size-woocommerce_thumbnail wp-image-14246\" alt=\"\" srcset=\"https:\/\/baticlick.com\/wp-content\/uploads\/2025\/03\/pexels-lara-jameson-9324330-scaled-370x370.jpg 370w, https:\/\/baticlick.com\/wp-content\/uploads\/2025\/03\/pexels-lara-jameson-9324330-scaled-130x130.jpg 130w, https:\/\/baticlick.com\/wp-content\/uploads\/2025\/03\/pexels-lara-jameson-9324330-150x150.jpg 150w, https:\/\/baticlick.com\/wp-content\/uploads\/2025\/03\/pexels-lara-jameson-9324330-50x50.jpg 50w, https:\/\/baticlick.com\/wp-content\/uploads\/2025\/03\/pexels-lara-jameson-9324330-100x100.jpg 100w\" sizes=\"(max-width: 370px) 100vw, 370px\" \/>\t\t\t\t\t\t\t\t\t\t\t\t\t\t\t<\/div>\n\t\t\t\t<\/div>\n\t\t\t\t<div class=\"elementor-element elementor-element-62a1d46 elementor-widget elementor-widget-text-editor\" data-id=\"62a1d46\" data-element_type=\"widget\" data-e-type=\"widget\" data-widget_type=\"text-editor.default\">\n\t\t\t\t<div class=\"elementor-widget-container\">\n\t\t\t\t\t\t\t\t\t<p><b>Avantages :<\/b><\/p><ul><li>Cr\u00e9ation et gestion d'une page web d\u00e9di\u00e9e pour centraliser toutes les initiatives de votre entreprise en mati\u00e8re de d\u00e9veloppement durable<\/li><\/ul>\t\t\t\t\t\t\t\t<\/div>\n\t\t\t\t<\/div>\n\t\t\t\t<div class=\"elementor-element elementor-element-8b6a4c3 elementor-widget elementor-widget-text-editor\" data-id=\"8b6a4c3\" data-element_type=\"widget\" data-e-type=\"widget\" data-widget_type=\"text-editor.default\">\n\t\t\t\t<div class=\"elementor-widget-container\">\n\t\t\t\t\t\t\t\t\t<p><b>Impact : <\/b> votre don permet de reboiser l'Europe et de soutenir le d\u00e9veloppement durable.<\/p>\t\t\t\t\t\t\t\t<\/div>\n\t\t\t\t<\/div>\n\t\t\t\t<\/div>\n\t\t<div class=\"elementor-element elementor-element-f6d3fd5 e-con-full e-flex e-con e-child\" data-id=\"f6d3fd5\" data-element_type=\"container\" data-e-type=\"container\" data-settings=\"{&quot;background_background&quot;:&quot;classic&quot;}\">\n\t\t\t\t<div class=\"elementor-element elementor-element-77573ea elementor-widget elementor-widget-heading\" data-id=\"77573ea\" data-element_type=\"widget\" data-e-type=\"widget\" data-widget_type=\"heading.default\">\n\t\t\t\t<div class=\"elementor-widget-container\">\n\t\t\t\t\t<h2 class=\"elementor-heading-title elementor-size-default\">Pack 2 : Standard<\/h2>\t\t\t\t<\/div>\n\t\t\t\t<\/div>\n\t\t\t\t<div class=\"elementor-element elementor-element-20f8214 elementor-widget-divider--view-line elementor-widget elementor-widget-divider\" data-id=\"20f8214\" data-element_type=\"widget\" data-e-type=\"widget\" data-widget_type=\"divider.default\">\n\t\t\t\t<div class=\"elementor-widget-container\">\n\t\t\t\t\t\t\t<div class=\"elementor-divider\">\n\t\t\t<span class=\"elementor-divider-separator\">\n\t\t\t\t\t\t<\/span>\n\t\t<\/div>\n\t\t\t\t\t\t<\/div>\n\t\t\t\t<\/div>\n\t\t\t\t<div class=\"elementor-element elementor-element-f7d3c31 elementor-widget elementor-widget-image\" data-id=\"f7d3c31\" data-element_type=\"widget\" data-e-type=\"widget\" data-widget_type=\"image.default\">\n\t\t\t\t<div class=\"elementor-widget-container\">\n\t\t\t\t\t\t\t\t\t\t\t\t\t\t\t<img decoding=\"async\" width=\"370\" height=\"370\" src=\"https:\/\/baticlick.com\/wp-content\/uploads\/2025\/03\/pexels-artempodrez-6990601-scaled-370x370.jpg\" class=\"attachment-woocommerce_thumbnail size-woocommerce_thumbnail wp-image-14263\" alt=\"\" srcset=\"https:\/\/baticlick.com\/wp-content\/uploads\/2025\/03\/pexels-artempodrez-6990601-scaled-370x370.jpg 370w, https:\/\/baticlick.com\/wp-content\/uploads\/2025\/03\/pexels-artempodrez-6990601-scaled-130x130.jpg 130w, https:\/\/baticlick.com\/wp-content\/uploads\/2025\/03\/pexels-artempodrez-6990601-150x150.jpg 150w, https:\/\/baticlick.com\/wp-content\/uploads\/2025\/03\/pexels-artempodrez-6990601-50x50.jpg 50w, https:\/\/baticlick.com\/wp-content\/uploads\/2025\/03\/pexels-artempodrez-6990601-100x100.jpg 100w\" sizes=\"(max-width: 370px) 100vw, 370px\" \/>\t\t\t\t\t\t\t\t\t\t\t\t\t\t\t<\/div>\n\t\t\t\t<\/div>\n\t\t\t\t<div class=\"elementor-element elementor-element-8657576 elementor-widget elementor-widget-text-editor\" data-id=\"8657576\" data-element_type=\"widget\" data-e-type=\"widget\" data-widget_type=\"text-editor.default\">\n\t\t\t\t<div class=\"elementor-widget-container\">\n\t\t\t\t\t\t\t\t\t<p><b>Avantages :<\/b><\/p><ul><li>Cr\u00e9ation et gestion d'une page web d\u00e9di\u00e9e pour centraliser toutes les initiatives de votre entreprise en mati\u00e8re de d\u00e9veloppement durable<\/li><li>Bulletins d'information mensuels soulignant vos efforts et vos mises \u00e0 jour en mati\u00e8re de d\u00e9veloppement durable<\/li><\/ul>\t\t\t\t\t\t\t\t<\/div>\n\t\t\t\t<\/div>\n\t\t\t\t<div class=\"elementor-element elementor-element-faa0010 elementor-widget elementor-widget-text-editor\" data-id=\"faa0010\" data-element_type=\"widget\" data-e-type=\"widget\" data-widget_type=\"text-editor.default\">\n\t\t\t\t<div class=\"elementor-widget-container\">\n\t\t\t\t\t\t\t\t\t<p><b>Impact :<\/b> en plus d'une plateforme centralis\u00e9e, votre entreprise tiendra les parties prenantes inform\u00e9es et engag\u00e9es gr\u00e2ce \u00e0 des mises \u00e0 jour r\u00e9guli\u00e8res.<\/p>\t\t\t\t\t\t\t\t<\/div>\n\t\t\t\t<\/div>\n\t\t\t\t<\/div>\n\t\t<div class=\"elementor-element elementor-element-38c2fa6 e-con-full e-flex e-con e-child\" data-id=\"38c2fa6\" data-element_type=\"container\" data-e-type=\"container\" data-settings=\"{&quot;background_background&quot;:&quot;classic&quot;}\">\n\t\t\t\t<div class=\"elementor-element elementor-element-83ba2a9 elementor-widget elementor-widget-heading\" data-id=\"83ba2a9\" data-element_type=\"widget\" data-e-type=\"widget\" data-widget_type=\"heading.default\">\n\t\t\t\t<div class=\"elementor-widget-container\">\n\t\t\t\t\t<h2 class=\"elementor-heading-title elementor-size-default\">Pack 3 : Premium<\/h2>\t\t\t\t<\/div>\n\t\t\t\t<\/div>\n\t\t\t\t<div class=\"elementor-element elementor-element-3e7f190 elementor-widget-divider--view-line elementor-widget elementor-widget-divider\" data-id=\"3e7f190\" data-element_type=\"widget\" data-e-type=\"widget\" data-widget_type=\"divider.default\">\n\t\t\t\t<div class=\"elementor-widget-container\">\n\t\t\t\t\t\t\t<div class=\"elementor-divider\">\n\t\t\t<span class=\"elementor-divider-separator\">\n\t\t\t\t\t\t<\/span>\n\t\t<\/div>\n\t\t\t\t\t\t<\/div>\n\t\t\t\t<\/div>\n\t\t\t\t<div class=\"elementor-element elementor-element-4452c88 elementor-widget elementor-widget-image\" data-id=\"4452c88\" data-element_type=\"widget\" data-e-type=\"widget\" data-widget_type=\"image.default\">\n\t\t\t\t<div class=\"elementor-widget-container\">\n\t\t\t\t\t\t\t\t\t\t\t\t\t\t\t<img decoding=\"async\" width=\"370\" height=\"370\" src=\"https:\/\/baticlick.com\/wp-content\/uploads\/2025\/03\/pexels-ron-lach-10365942-scaled-370x370.jpg\" class=\"attachment-woocommerce_thumbnail size-woocommerce_thumbnail wp-image-14264\" alt=\"\" srcset=\"https:\/\/baticlick.com\/wp-content\/uploads\/2025\/03\/pexels-ron-lach-10365942-scaled-370x370.jpg 370w, https:\/\/baticlick.com\/wp-content\/uploads\/2025\/03\/pexels-ron-lach-10365942-scaled-130x130.jpg 130w, https:\/\/baticlick.com\/wp-content\/uploads\/2025\/03\/pexels-ron-lach-10365942-150x150.jpg 150w, https:\/\/baticlick.com\/wp-content\/uploads\/2025\/03\/pexels-ron-lach-10365942-50x50.jpg 50w, https:\/\/baticlick.com\/wp-content\/uploads\/2025\/03\/pexels-ron-lach-10365942-100x100.jpg 100w\" sizes=\"(max-width: 370px) 100vw, 370px\" \/>\t\t\t\t\t\t\t\t\t\t\t\t\t\t\t<\/div>\n\t\t\t\t<\/div>\n\t\t\t\t<div class=\"elementor-element elementor-element-cded76d elementor-widget elementor-widget-text-editor\" data-id=\"cded76d\" data-element_type=\"widget\" data-e-type=\"widget\" data-widget_type=\"text-editor.default\">\n\t\t\t\t<div class=\"elementor-widget-container\">\n\t\t\t\t\t\t\t\t\t<p><b>Avantages :<\/b><\/p><ul><li>Cr\u00e9ation et gestion d'une page web d\u00e9di\u00e9e pour centraliser toutes les initiatives de votre entreprise en mati\u00e8re de d\u00e9veloppement durable<\/li><li>Bulletins d'information mensuels soulignant vos efforts et vos mises \u00e0 jour en mati\u00e8re de d\u00e9veloppement durable<\/li><li>Des campagnes compl\u00e8tes dans les m\u00e9dias sociaux pour promouvoir vos initiatives en mati\u00e8re de d\u00e9veloppement durable<\/li><\/ul>\t\t\t\t\t\t\t\t<\/div>\n\t\t\t\t<\/div>\n\t\t\t\t<div class=\"elementor-element elementor-element-cc45b3f elementor-widget elementor-widget-text-editor\" data-id=\"cc45b3f\" data-element_type=\"widget\" data-e-type=\"widget\" data-widget_type=\"text-editor.default\">\n\t\t\t\t<div class=\"elementor-widget-container\">\n\t\t\t\t\t\t\t\t\t<p><b>Impact : <\/b> votre entreprise b\u00e9n\u00e9ficiera d'une strat\u00e9gie de communication holistique, garantissant que vos efforts en mati\u00e8re de d\u00e9veloppement durable atteignent un public plus large et cr\u00e9ent un impact durable.<\/p>\t\t\t\t\t\t\t\t<\/div>\n\t\t\t\t<\/div>\n\t\t\t\t<\/div>\n\t\t\t\t<\/div>\n\t\t\t\t\t<\/div>\n\t\t\t\t<\/div>\n\t\t<div class=\"elementor-element elementor-element-a44298e e-flex e-con-boxed e-con e-parent\" data-id=\"a44298e\" data-element_type=\"container\" data-e-type=\"container\">\n\t\t\t\t\t<div class=\"e-con-inner\">\n\t\t\t\t<div class=\"elementor-element elementor-element-7df966e elementor-widget elementor-widget-heading\" data-id=\"7df966e\" data-element_type=\"widget\" data-e-type=\"widget\" data-widget_type=\"heading.default\">\n\t\t\t\t<div class=\"elementor-widget-container\">\n\t\t\t\t\t<h2 class=\"elementor-heading-title elementor-size-default\">Comment \u00e7a marche ?<\/h2>\t\t\t\t<\/div>\n\t\t\t\t<\/div>\n\t\t<div class=\"elementor-element elementor-element-eb04f06 e-con-full e-flex e-con e-child\" data-id=\"eb04f06\" data-element_type=\"container\" data-e-type=\"container\">\n\t\t<div class=\"elementor-element elementor-element-b25d784 e-con-full e-flex e-con e-child\" data-id=\"b25d784\" data-element_type=\"container\" data-e-type=\"container\" data-settings=\"{&quot;background_background&quot;:&quot;classic&quot;}\">\n\t\t\t\t<div class=\"elementor-element elementor-element-96fd679 elementor-widget elementor-widget-icon-box\" data-id=\"96fd679\" data-element_type=\"widget\" data-e-type=\"widget\" data-widget_type=\"icon-box.default\">\n\t\t\t\t<div class=\"elementor-widget-container\">\n\t\t\t\t\t\t\t<div class=\"elementor-icon-box-wrapper\">\n\n\t\t\t\n\t\t\t\t\t\t<div class=\"elementor-icon-box-content\">\n\n\t\t\t\t\t\t\t\t\t<h3 class=\"elementor-icon-box-title\">\n\t\t\t\t\t\t<span  >\n\t\t\t\t\t\t\tChoisissez votre forfait\t\t\t\t\t\t<\/span>\n\t\t\t\t\t<\/h3>\n\t\t\t\t\n\t\t\t\t\t\t\t\t\t<p class=\"elementor-icon-box-description\">\n\t\t\t\t\t\tS\u00e9lectionnez la formule de soutien \u00e0 la communication qui r\u00e9pond le mieux aux besoins de votre entreprise.\t\t\t\t\t<\/p>\n\t\t\t\t\n\t\t\t<\/div>\n\t\t\t\n\t\t<\/div>\n\t\t\t\t\t\t<\/div>\n\t\t\t\t<\/div>\n\t\t\t\t<\/div>\n\t\t<div class=\"elementor-element elementor-element-a7d82f0 e-con-full e-flex e-con e-child\" data-id=\"a7d82f0\" data-element_type=\"container\" data-e-type=\"container\" data-settings=\"{&quot;background_background&quot;:&quot;classic&quot;}\">\n\t\t\t\t<div class=\"elementor-element elementor-element-47fbbce elementor-widget elementor-widget-icon-box\" data-id=\"47fbbce\" data-element_type=\"widget\" data-e-type=\"widget\" data-widget_type=\"icon-box.default\">\n\t\t\t\t<div class=\"elementor-widget-container\">\n\t\t\t\t\t\t\t<div class=\"elementor-icon-box-wrapper\">\n\n\t\t\t\n\t\t\t\t\t\t<div class=\"elementor-icon-box-content\">\n\n\t\t\t\t\t\t\t\t\t<h3 class=\"elementor-icon-box-title\">\n\t\t\t\t\t\t<span  >\n\t\t\t\t\t\t\tFaire un don\t\t\t\t\t\t<\/span>\n\t\t\t\t\t<\/h3>\n\t\t\t\t\n\t\t\t\t\t\t\t\t\t<p class=\"elementor-icon-box-description\">\n\t\t\t\t\t\tVersez le montant sp\u00e9cifi\u00e9 pour soutenir nos initiatives.\t\t\t\t\t<\/p>\n\t\t\t\t\n\t\t\t<\/div>\n\t\t\t\n\t\t<\/div>\n\t\t\t\t\t\t<\/div>\n\t\t\t\t<\/div>\n\t\t\t\t<\/div>\n\t\t<div class=\"elementor-element elementor-element-860420c e-con-full e-flex e-con e-child\" data-id=\"860420c\" data-element_type=\"container\" data-e-type=\"container\" data-settings=\"{&quot;background_background&quot;:&quot;classic&quot;}\">\n\t\t\t\t<div class=\"elementor-element elementor-element-b77328e elementor-widget elementor-widget-icon-box\" data-id=\"b77328e\" data-element_type=\"widget\" data-e-type=\"widget\" data-widget_type=\"icon-box.default\">\n\t\t\t\t<div class=\"elementor-widget-container\">\n\t\t\t\t\t\t\t<div class=\"elementor-icon-box-wrapper\">\n\n\t\t\t\n\t\t\t\t\t\t<div class=\"elementor-icon-box-content\">\n\n\t\t\t\t\t\t\t\t\t<h3 class=\"elementor-icon-box-title\">\n\t\t\t\t\t\t<span  >\n\t\t\t\t\t\t\tAm\u00e9liorez votre communication\t\t\t\t\t\t<\/span>\n\t\t\t\t\t<\/h3>\n\t\t\t\t\n\t\t\t\t\t\t\t\t\t<p class=\"elementor-icon-box-description\">\n\t\t\t\t\t\tNous cr\u00e9ons et g\u00e9rons les outils de communication pour pr\u00e9senter efficacement vos initiatives en mati\u00e8re de d\u00e9veloppement durable.\t\t\t\t\t<\/p>\n\t\t\t\t\n\t\t\t<\/div>\n\t\t\t\n\t\t<\/div>\n\t\t\t\t\t\t<\/div>\n\t\t\t\t<\/div>\n\t\t\t\t<\/div>\n\t\t\t\t<\/div>\n\t\t\t\t\t<\/div>\n\t\t\t\t<\/div>\n\t\t<div class=\"elementor-element elementor-element-17a96b9 e-flex e-con-boxed e-con e-parent\" data-id=\"17a96b9\" data-element_type=\"container\" data-e-type=\"container\">\n\t\t\t\t\t<div class=\"e-con-inner\">\n\t\t\t\t<div class=\"elementor-element elementor-element-dcadcfa elementor-widget elementor-widget-heading\" data-id=\"dcadcfa\" data-element_type=\"widget\" data-e-type=\"widget\" data-widget_type=\"heading.default\">\n\t\t\t\t<div class=\"elementor-widget-container\">\n\t\t\t\t\t<h2 class=\"elementor-heading-title elementor-size-default\">Pourquoi s'associer \u00e0 nous ?<\/h2>\t\t\t\t<\/div>\n\t\t\t\t<\/div>\n\t\t\t\t<div class=\"elementor-element elementor-element-a79682d elementor-widget elementor-widget-heading\" data-id=\"a79682d\" data-element_type=\"widget\" data-e-type=\"widget\" data-widget_type=\"heading.default\">\n\t\t\t\t<div class=\"elementor-widget-container\">\n\t\t\t\t\t<h2 class=\"elementor-heading-title elementor-size-default\">En collaborant avec Baticlick, votre entreprise am\u00e9liore non seulement sa communication sur le d\u00e9veloppement durable, mais obtient \u00e9galement la reconnaissance de ses efforts. <\/h2>\t\t\t\t<\/div>\n\t\t\t\t<\/div>\n\t\t\t\t\t<\/div>\n\t\t\t\t<\/div>\n\t\t<div class=\"elementor-element elementor-element-4f52b35 e-flex e-con-boxed e-con e-parent\" data-id=\"4f52b35\" data-element_type=\"container\" data-e-type=\"container\">\n\t\t\t\t\t<div class=\"e-con-inner\">\n\t\t<div class=\"elementor-element elementor-element-4498e09 e-con-full e-flex e-con e-child\" data-id=\"4498e09\" data-element_type=\"container\" data-e-type=\"container\">\n\t\t\t\t<div class=\"elementor-element elementor-element-4844108 elementor-widget elementor-widget-heading\" data-id=\"4844108\" data-element_type=\"widget\" data-e-type=\"widget\" data-widget_type=\"heading.default\">\n\t\t\t\t<div class=\"elementor-widget-container\">\n\t\t\t\t\t<h2 class=\"elementor-heading-title elementor-size-default\">Nous contacter<\/h2>\t\t\t\t<\/div>\n\t\t\t\t<\/div>\n\t\t\t\t<\/div>\n\t\t<div class=\"elementor-element elementor-element-f16ae5f e-con-full e-flex e-con e-child\" data-id=\"f16ae5f\" data-element_type=\"container\" data-e-type=\"container\">\n\t\t\t\t<div class=\"elementor-element elementor-element-75c4d59 elementor-widget elementor-widget-heading\" data-id=\"75c4d59\" data-element_type=\"widget\" data-e-type=\"widget\" data-widget_type=\"heading.default\">\n\t\t\t\t<div class=\"elementor-widget-container\">\n\t\t\t\t\t<h2 class=\"elementor-heading-title elementor-size-default\">Pour plus d'informations ou pour vous lancer, veuillez nous contacter \u00e0 l'adresse suivante <\/h2>\t\t\t\t<\/div>\n\t\t\t\t<\/div>\n\t\t\t\t<div class=\"elementor-element elementor-element-3dbb8d7 elementor-widget elementor-widget-button\" data-id=\"3dbb8d7\" data-element_type=\"widget\" data-e-type=\"widget\" data-widget_type=\"button.default\">\n\t\t\t\t<div class=\"elementor-widget-container\">\n\t\t\t\t\t\t\t\t\t<div class=\"elementor-button-wrapper\">\n\t\t\t\t\t<a class=\"elementor-button elementor-button-link elementor-size-sm\" href=\"https:\/\/baticlick.com\/fr\/contact-us\/\">\n\t\t\t\t\t\t<span class=\"elementor-button-content-wrapper\">\n\t\t\t\t\t\t\t\t\t<span class=\"elementor-button-text\">Nous contacter<\/span>\n\t\t\t\t\t<\/span>\n\t\t\t\t\t<\/a>\n\t\t\t\t<\/div>\n\t\t\t\t\t\t\t\t<\/div>\n\t\t\t\t<\/div>\n\t\t\t\t<\/div>\n\t\t\t\t\t<\/div>\n\t\t\t\t<\/div>\n\t\t\t\t<\/div>","protected":false},"excerpt":{"rendered":"<p>Enhance your sustainability communication with Baticlick Join Baticlick Association in promoting sustainability! We offer companies comprehensive support to effectively communicate their sustainability initiatives. By partnering with us, your company can centralize and amplify its efforts, showcasing your commitment to a greener future. Communication support Package 1: Basic Benefits: Creation and management of a dedicated webpage [&hellip;]<\/p>\n","protected":false},"author":2,"featured_media":0,"parent":0,"menu_order":0,"comment_status":"closed","ping_status":"closed","template":"","meta":{"footnotes":""},"class_list":["post-14107","page","type-page","status-publish","hentry"],"_links":{"self":[{"href":"https:\/\/baticlick.com\/fr\/wp-json\/wp\/v2\/pages\/14107","targetHints":{"allow":["GET"]}}],"collection":[{"href":"https:\/\/baticlick.com\/fr\/wp-json\/wp\/v2\/pages"}],"about":[{"href":"https:\/\/baticlick.com\/fr\/wp-json\/wp\/v2\/types\/page"}],"author":[{"embeddable":true,"href":"https:\/\/baticlick.com\/fr\/wp-json\/wp\/v2\/users\/2"}],"replies":[{"embeddable":true,"href":"https:\/\/baticlick.com\/fr\/wp-json\/wp\/v2\/comments?post=14107"}],"version-history":[{"count":55,"href":"https:\/\/baticlick.com\/fr\/wp-json\/wp\/v2\/pages\/14107\/revisions"}],"predecessor-version":[{"id":14814,"href":"https:\/\/baticlick.com\/fr\/wp-json\/wp\/v2\/pages\/14107\/revisions\/14814"}],"wp:attachment":[{"href":"https:\/\/baticlick.com\/fr\/wp-json\/wp\/v2\/media?parent=14107"}],"curies":[{"name":"wp","href":"https:\/\/api.w.org\/{rel}","templated":true}]}}