{"id":609,"date":"2020-10-13T07:28:49","date_gmt":"2020-10-13T07:28:49","guid":{"rendered":"http:\/\/localhost\/razzi\/?page_id=609"},"modified":"2024-05-03T14:37:18","modified_gmt":"2024-05-03T14:37:18","slug":"faq","status":"publish","type":"page","link":"https:\/\/baticlick.com\/fr\/faq\/","title":{"rendered":"FAQ"},"content":{"rendered":"<div data-elementor-type=\"wp-page\" data-elementor-id=\"609\" class=\"elementor elementor-609\" data-elementor-post-type=\"page\">\n\t\t\t\t\t\t<section class=\"elementor-section elementor-top-section elementor-element elementor-element-c22eabf elementor-section-boxed elementor-section-height-default elementor-section-height-default\" data-id=\"c22eabf\" data-element_type=\"section\" data-e-type=\"section\">\n\t\t\t\t\t\t<div class=\"elementor-container elementor-column-gap-extended\">\n\t\t\t\t\t<div class=\"elementor-column elementor-col-16 elementor-top-column elementor-element elementor-element-eb69a9e elementor-hidden-tablet elementor-hidden-phone\" data-id=\"eb69a9e\" data-element_type=\"column\" data-e-type=\"column\">\n\t\t\t<div class=\"elementor-widget-wrap\">\n\t\t\t\t\t\t\t<\/div>\n\t\t<\/div>\n\t\t\t\t<div class=\"elementor-column elementor-col-66 elementor-top-column elementor-element elementor-element-4c5906c\" data-id=\"4c5906c\" data-element_type=\"column\" data-e-type=\"column\">\n\t\t\t<div class=\"elementor-widget-wrap elementor-element-populated\">\n\t\t\t\t\t\t<div class=\"elementor-element elementor-element-401bed2 elementor-widget elementor-widget-razzi-faq\" data-id=\"401bed2\" data-element_type=\"widget\" data-e-type=\"widget\" data-settings=\"{&quot;status&quot;:&quot;yes&quot;}\" data-widget_type=\"razzi-faq.default\">\n\t\t\t\t<div class=\"elementor-widget-container\">\n\t\t\t\t\t<div class=\"razzi-faq\"><div class=\"box-content active\"><h2 class=\"faq-title\">1. Qu'est-ce que cette plate-forme ?<span class=\"razzi-svg-icon razzi-svg-default\"><svg aria-hidden=\"true\" role=\"img\" focusable=\"false\" xmlns=\"http:\/\/www.w3.org\/2000\/svg\" width=\"24\" height=\"24\" viewbox=\"0 0 24 24\" fill=\"none\" stroke=\"currentColor\" stroke-width=\"2\" stroke-linecap=\"round\" stroke-linejoin=\"round\"><polyline points=\"6 9 12 15 18 9\"><\/polyline><\/svg><\/span><\/h2> <div class=\"faq-desc\"><p>Cette plateforme est une place de march\u00e9 en ligne sp\u00e9cialement con\u00e7ue pour les particuliers et les professionnels afin d'acheter et de vendre des mat\u00e9riaux de construction et des services, neufs ou d'occasion.<\/p><\/div><\/div><div class=\"box-content\"><h2 class=\"faq-title\">2. Qui peut utiliser cette plate-forme ?<span class=\"razzi-svg-icon razzi-svg-default\"><svg aria-hidden=\"true\" role=\"img\" focusable=\"false\" xmlns=\"http:\/\/www.w3.org\/2000\/svg\" width=\"24\" height=\"24\" viewbox=\"0 0 24 24\" fill=\"none\" stroke=\"currentColor\" stroke-width=\"2\" stroke-linecap=\"round\" stroke-linejoin=\"round\"><polyline points=\"6 9 12 15 18 9\"><\/polyline><\/svg><\/span><\/h2> <div class=\"faq-desc\"><p>Tout le monde, des particuliers aux professionnels du b\u00e2timent, peut utiliser cette plateforme. Elle est ouverte aux plombiers, ma\u00e7ons, \u00e9lectriciens, bricoleurs, installateurs de panneaux solaires, etc.<\/p><\/div><\/div><div class=\"box-content\"><h2 class=\"faq-title\">3. Comment puis-je m'inscrire sur cette plateforme ?<span class=\"razzi-svg-icon razzi-svg-default\"><svg aria-hidden=\"true\" role=\"img\" focusable=\"false\" xmlns=\"http:\/\/www.w3.org\/2000\/svg\" width=\"24\" height=\"24\" viewbox=\"0 0 24 24\" fill=\"none\" stroke=\"currentColor\" stroke-width=\"2\" stroke-linecap=\"round\" stroke-linejoin=\"round\"><polyline points=\"6 9 12 15 18 9\"><\/polyline><\/svg><\/span><\/h2> <div class=\"faq-desc\"><p>Vous pouvez vous inscrire en cliquant sur le bouton \"Tableau de bord\" de notre en-t\u00eate et en remplissant les informations demand\u00e9es.<\/p><\/div><\/div><div class=\"box-content\"><h2 class=\"faq-title\">4. Comment puis-je faire figurer mes produits ou services sur la liste ?<span class=\"razzi-svg-icon razzi-svg-default\"><svg aria-hidden=\"true\" role=\"img\" focusable=\"false\" xmlns=\"http:\/\/www.w3.org\/2000\/svg\" width=\"24\" height=\"24\" viewbox=\"0 0 24 24\" fill=\"none\" stroke=\"currentColor\" stroke-width=\"2\" stroke-linecap=\"round\" stroke-linejoin=\"round\"><polyline points=\"6 9 12 15 18 9\"><\/polyline><\/svg><\/span><\/h2> <div class=\"faq-desc\"><p>Apr\u00e8s vous \u00eatre connect\u00e9, cliquez sur \"Tableau de bord du vendeur\", puis sur \"Produit\", puis sur le bouton \"Ajouter\", et remplissez les informations n\u00e9cessaires concernant votre produit ou service.<\/p><\/div><\/div><div class=\"box-content\"><h2 class=\"faq-title\">5. Quels types de produits puis-je vendre ? <span class=\"razzi-svg-icon razzi-svg-default\"><svg aria-hidden=\"true\" role=\"img\" focusable=\"false\" xmlns=\"http:\/\/www.w3.org\/2000\/svg\" width=\"24\" height=\"24\" viewbox=\"0 0 24 24\" fill=\"none\" stroke=\"currentColor\" stroke-width=\"2\" stroke-linecap=\"round\" stroke-linejoin=\"round\"><polyline points=\"6 9 12 15 18 9\"><\/polyline><\/svg><\/span><\/h2> <div class=\"faq-desc\"><p>Vous pouvez vendre tout mat\u00e9riel de construction neuf ou d'occasion. Cela comprend, sans s'y limiter, les mat\u00e9riaux de plomberie, les outils de ma\u00e7onnerie, l'\u00e9quipement \u00e9lectrique, les outils de bricolage et les panneaux solaires.<\/p><\/div><\/div><div class=\"box-content\"><h2 class=\"faq-title\">6. Quels types de services puis-je offrir ?<span class=\"razzi-svg-icon razzi-svg-default\"><svg aria-hidden=\"true\" role=\"img\" focusable=\"false\" xmlns=\"http:\/\/www.w3.org\/2000\/svg\" width=\"24\" height=\"24\" viewbox=\"0 0 24 24\" fill=\"none\" stroke=\"currentColor\" stroke-width=\"2\" stroke-linecap=\"round\" stroke-linejoin=\"round\"><polyline points=\"6 9 12 15 18 9\"><\/polyline><\/svg><\/span><\/h2> <div class=\"faq-desc\"><p>Vous pouvez proposer tous les services li\u00e9s au secteur de la construction. Cela comprend, sans s'y limiter, la plomberie, la ma\u00e7onnerie, la fabrication de briques, les services \u00e9lectriques et l'installation de panneaux solaires.<\/p><\/div><\/div><div class=\"box-content\"><h2 class=\"faq-title\">7. L'inscription de produits ou de services est-elle payante ?<span class=\"razzi-svg-icon razzi-svg-default\"><svg aria-hidden=\"true\" role=\"img\" focusable=\"false\" xmlns=\"http:\/\/www.w3.org\/2000\/svg\" width=\"24\" height=\"24\" viewbox=\"0 0 24 24\" fill=\"none\" stroke=\"currentColor\" stroke-width=\"2\" stroke-linecap=\"round\" stroke-linejoin=\"round\"><polyline points=\"6 9 12 15 18 9\"><\/polyline><\/svg><\/span><\/h2> <div class=\"faq-desc\"><p>Oui, il y a des frais d'inscription minimes pour chaque produit ou service que vous inscrivez. Le montant exact est indiqu\u00e9 dans la section \"Conditions g\u00e9n\u00e9rales\".<\/p><\/div><\/div><div class=\"box-content\"><h2 class=\"faq-title\">8. Comment puis-je acheter des produits ou des services ?<span class=\"razzi-svg-icon razzi-svg-default\"><svg aria-hidden=\"true\" role=\"img\" focusable=\"false\" xmlns=\"http:\/\/www.w3.org\/2000\/svg\" width=\"24\" height=\"24\" viewbox=\"0 0 24 24\" fill=\"none\" stroke=\"currentColor\" stroke-width=\"2\" stroke-linecap=\"round\" stroke-linejoin=\"round\"><polyline points=\"6 9 12 15 18 9\"><\/polyline><\/svg><\/span><\/h2> <div class=\"faq-desc\"><p>Il vous suffit de parcourir les listes, de s\u00e9lectionner le produit ou le service souhait\u00e9 et de cliquer sur \"Acheter maintenant\" ou \"R\u00e9server maintenant\". Suivez les instructions pour terminer votre achat ou votre r\u00e9servation.<\/p><\/div><\/div><div class=\"box-content\"><h2 class=\"faq-title\">9. Quels sont les modes de paiement accept\u00e9s ?<span class=\"razzi-svg-icon razzi-svg-default\"><svg aria-hidden=\"true\" role=\"img\" focusable=\"false\" xmlns=\"http:\/\/www.w3.org\/2000\/svg\" width=\"24\" height=\"24\" viewbox=\"0 0 24 24\" fill=\"none\" stroke=\"currentColor\" stroke-width=\"2\" stroke-linecap=\"round\" stroke-linejoin=\"round\"><polyline points=\"6 9 12 15 18 9\"><\/polyline><\/svg><\/span><\/h2> <div class=\"faq-desc\"><p>Nous acceptons toutes les principales cartes de cr\u00e9dit, cartes de d\u00e9bit Visa et Mastercard.<\/p><\/div><\/div><div class=\"box-content\"><h2 class=\"faq-title\">10. Est-il s\u00fbr d'acheter sur cette plateforme ?<span class=\"razzi-svg-icon razzi-svg-default\"><svg aria-hidden=\"true\" role=\"img\" focusable=\"false\" xmlns=\"http:\/\/www.w3.org\/2000\/svg\" width=\"24\" height=\"24\" viewbox=\"0 0 24 24\" fill=\"none\" stroke=\"currentColor\" stroke-width=\"2\" stroke-linecap=\"round\" stroke-linejoin=\"round\"><polyline points=\"6 9 12 15 18 9\"><\/polyline><\/svg><\/span><\/h2> <div class=\"faq-desc\"><p>Oui, nous avons mis en place plusieurs mesures de s\u00e9curit\u00e9 pour assurer la s\u00e9curit\u00e9 de vos transactions.\u00a0<\/p><\/div><\/div><div class=\"box-content\"><h2 class=\"faq-title\">11. Que faire si j'ai un probl\u00e8me avec un produit ou un service que j'ai achet\u00e9 ?<span class=\"razzi-svg-icon razzi-svg-default\"><svg aria-hidden=\"true\" role=\"img\" focusable=\"false\" xmlns=\"http:\/\/www.w3.org\/2000\/svg\" width=\"24\" height=\"24\" viewbox=\"0 0 24 24\" fill=\"none\" stroke=\"currentColor\" stroke-width=\"2\" stroke-linecap=\"round\" stroke-linejoin=\"round\"><polyline points=\"6 9 12 15 18 9\"><\/polyline><\/svg><\/span><\/h2> <div class=\"faq-desc\"><p>Vous pouvez contacter notre service client\u00e8le par l'interm\u00e9diaire de la page \"Contactez-nous\". Nous ferons de notre mieux pour r\u00e9soudre votre probl\u00e8me.<\/p><\/div><\/div><div class=\"box-content\"><h2 class=\"faq-title\">12. Puis-je retourner un produit ? <span class=\"razzi-svg-icon razzi-svg-default\"><svg aria-hidden=\"true\" role=\"img\" focusable=\"false\" xmlns=\"http:\/\/www.w3.org\/2000\/svg\" width=\"24\" height=\"24\" viewbox=\"0 0 24 24\" fill=\"none\" stroke=\"currentColor\" stroke-width=\"2\" stroke-linecap=\"round\" stroke-linejoin=\"round\"><polyline points=\"6 9 12 15 18 9\"><\/polyline><\/svg><\/span><\/h2> <div class=\"faq-desc\"><p>Les produits peuvent \u00eatre retourn\u00e9s dans un certain d\u00e9lai, en fonction de la politique de retour de chaque fournisseur, que vous pouvez v\u00e9rifier sur la page de la boutique du fournisseur.\u00a0<\/p><\/div><\/div><div class=\"box-content\"><h2 class=\"faq-title\">13. Comment puis-je contacter un vendeur ou un prestataire de services ?<span class=\"razzi-svg-icon razzi-svg-default\"><svg aria-hidden=\"true\" role=\"img\" focusable=\"false\" xmlns=\"http:\/\/www.w3.org\/2000\/svg\" width=\"24\" height=\"24\" viewbox=\"0 0 24 24\" fill=\"none\" stroke=\"currentColor\" stroke-width=\"2\" stroke-linecap=\"round\" stroke-linejoin=\"round\"><polyline points=\"6 9 12 15 18 9\"><\/polyline><\/svg><\/span><\/h2> <div class=\"faq-desc\"><p>Vous pouvez les contacter directement en cliquant sur le bouton \"Contact\" situ\u00e9 sur la page de la boutique du vendeur.<\/p><\/div><\/div><div class=\"box-content\"><h2 class=\"faq-title\">14. Puis-je laisser un avis sur un produit ou un service ?<span class=\"razzi-svg-icon razzi-svg-default\"><svg aria-hidden=\"true\" role=\"img\" focusable=\"false\" xmlns=\"http:\/\/www.w3.org\/2000\/svg\" width=\"24\" height=\"24\" viewbox=\"0 0 24 24\" fill=\"none\" stroke=\"currentColor\" stroke-width=\"2\" stroke-linecap=\"round\" stroke-linejoin=\"round\"><polyline points=\"6 9 12 15 18 9\"><\/polyline><\/svg><\/span><\/h2> <div class=\"faq-desc\"><p>Oui, apr\u00e8s avoir achet\u00e9 un produit ou r\u00e9serv\u00e9 un service, vous pouvez laisser un avis sur la page du produit ou du service.<\/p><\/div><\/div><div class=\"box-content\"><h2 class=\"faq-title\">15. Quelles sont les r\u00e8gles d'utilisation de cette plate-forme ? <span class=\"razzi-svg-icon razzi-svg-default\"><svg aria-hidden=\"true\" role=\"img\" focusable=\"false\" xmlns=\"http:\/\/www.w3.org\/2000\/svg\" width=\"24\" height=\"24\" viewbox=\"0 0 24 24\" fill=\"none\" stroke=\"currentColor\" stroke-width=\"2\" stroke-linecap=\"round\" stroke-linejoin=\"round\"><polyline points=\"6 9 12 15 18 9\"><\/polyline><\/svg><\/span><\/h2> <div class=\"faq-desc\"><p>Tous les utilisateurs doivent respecter nos \"Conditions de service\" et nos \"Lignes directrices pour la communaut\u00e9\", qui peuvent \u00eatre consult\u00e9es sur notre site web.<\/p><\/div><\/div><div class=\"box-content\"><h2 class=\"faq-title\">16. Puis-je utiliser cette plate-forme en dehors de la Belgique ? <span class=\"razzi-svg-icon razzi-svg-default\"><svg aria-hidden=\"true\" role=\"img\" focusable=\"false\" xmlns=\"http:\/\/www.w3.org\/2000\/svg\" width=\"24\" height=\"24\" viewbox=\"0 0 24 24\" fill=\"none\" stroke=\"currentColor\" stroke-width=\"2\" stroke-linecap=\"round\" stroke-linejoin=\"round\"><polyline points=\"6 9 12 15 18 9\"><\/polyline><\/svg><\/span><\/h2> <div class=\"faq-desc\"><p>Actuellement, notre plateforme n'est disponible que pour une utilisation en Belgique.<\/p><\/div><\/div><div class=\"box-content\"><h2 class=\"faq-title\">17. Comment puis-je supprimer mon compte ? <span class=\"razzi-svg-icon razzi-svg-default\"><svg aria-hidden=\"true\" role=\"img\" focusable=\"false\" xmlns=\"http:\/\/www.w3.org\/2000\/svg\" width=\"24\" height=\"24\" viewbox=\"0 0 24 24\" fill=\"none\" stroke=\"currentColor\" stroke-width=\"2\" stroke-linecap=\"round\" stroke-linejoin=\"round\"><polyline points=\"6 9 12 15 18 9\"><\/polyline><\/svg><\/span><\/h2> <div class=\"faq-desc\"><p>Contactez-nous et nous le ferons pour vous.<\/p><\/div><\/div><div class=\"box-content\"><h2 class=\"faq-title\">18. Que se passe-t-il si un vendeur ou un prestataire de services enfreint les r\u00e8gles ?<span class=\"razzi-svg-icon razzi-svg-default\"><svg aria-hidden=\"true\" role=\"img\" focusable=\"false\" xmlns=\"http:\/\/www.w3.org\/2000\/svg\" width=\"24\" height=\"24\" viewbox=\"0 0 24 24\" fill=\"none\" stroke=\"currentColor\" stroke-width=\"2\" stroke-linecap=\"round\" stroke-linejoin=\"round\"><polyline points=\"6 9 12 15 18 9\"><\/polyline><\/svg><\/span><\/h2> <div class=\"faq-desc\"><p>Les violations de nos r\u00e8gles entra\u00eeneront des sanctions pouvant aller jusqu'\u00e0 la suspension ou la r\u00e9siliation du compte.<\/p><\/div><\/div><div class=\"box-content\"><h2 class=\"faq-title\">19. Comment mes informations personnelles sont-elles prot\u00e9g\u00e9es ?<span class=\"razzi-svg-icon razzi-svg-default\"><svg aria-hidden=\"true\" role=\"img\" focusable=\"false\" xmlns=\"http:\/\/www.w3.org\/2000\/svg\" width=\"24\" height=\"24\" viewbox=\"0 0 24 24\" fill=\"none\" stroke=\"currentColor\" stroke-width=\"2\" stroke-linecap=\"round\" stroke-linejoin=\"round\"><polyline points=\"6 9 12 15 18 9\"><\/polyline><\/svg><\/span><\/h2> <div class=\"faq-desc\"><p>Nous prenons la protection de la vie priv\u00e9e tr\u00e8s au s\u00e9rieux. Toutes les informations personnelles sont trait\u00e9es conform\u00e9ment \u00e0 notre politique de confidentialit\u00e9 et ce site est conforme au GDPR. Pour en savoir plus, consultez la section \"conditions g\u00e9n\u00e9rales\".<\/p><\/div><\/div><div class=\"box-content\"><h2 class=\"faq-title\">20. Qui dois-je contacter pour obtenir de l'aide suppl\u00e9mentaire ?<span class=\"razzi-svg-icon razzi-svg-default\"><svg aria-hidden=\"true\" role=\"img\" focusable=\"false\" xmlns=\"http:\/\/www.w3.org\/2000\/svg\" width=\"24\" height=\"24\" viewbox=\"0 0 24 24\" fill=\"none\" stroke=\"currentColor\" stroke-width=\"2\" stroke-linecap=\"round\" stroke-linejoin=\"round\"><polyline points=\"6 9 12 15 18 9\"><\/polyline><\/svg><\/span><\/h2> <div class=\"faq-desc\"><p>Pour plus d'assistance, veuillez contacter notre service client\u00e8le par le biais de la page \"Contactez-nous\".<\/p><\/div><\/div><\/div>\t\t\t\t<\/div>\n\t\t\t\t<\/div>\n\t\t\t\t\t<\/div>\n\t\t<\/div>\n\t\t\t\t<div class=\"elementor-column elementor-col-16 elementor-top-column elementor-element elementor-element-a422420 elementor-hidden-tablet elementor-hidden-phone\" data-id=\"a422420\" data-element_type=\"column\" data-e-type=\"column\">\n\t\t\t<div class=\"elementor-widget-wrap\">\n\t\t\t\t\t\t\t<\/div>\n\t\t<\/div>\n\t\t\t\t\t<\/div>\n\t\t<\/section>\n\t\t\t\t<\/div>","protected":false},"excerpt":{"rendered":"<p>1. What is this platform? This platform is an online marketplace specifically designed for individuals and professionals to buy and sell new and second-hand construction materials and services. 2. Who can use this platform? Anyone from individuals to professionals in the building industry can use this platform. It\u2019s open to plumbers, masons, electricians, DIY enthusiasts, [&hellip;]<\/p>\n","protected":false},"author":2,"featured_media":0,"parent":0,"menu_order":0,"comment_status":"closed","ping_status":"closed","template":"","meta":{"footnotes":""},"class_list":["post-609","page","type-page","status-publish","hentry"],"_links":{"self":[{"href":"https:\/\/baticlick.com\/fr\/wp-json\/wp\/v2\/pages\/609","targetHints":{"allow":["GET"]}}],"collection":[{"href":"https:\/\/baticlick.com\/fr\/wp-json\/wp\/v2\/pages"}],"about":[{"href":"https:\/\/baticlick.com\/fr\/wp-json\/wp\/v2\/types\/page"}],"author":[{"embeddable":true,"href":"https:\/\/baticlick.com\/fr\/wp-json\/wp\/v2\/users\/2"}],"replies":[{"embeddable":true,"href":"https:\/\/baticlick.com\/fr\/wp-json\/wp\/v2\/comments?post=609"}],"version-history":[{"count":9,"href":"https:\/\/baticlick.com\/fr\/wp-json\/wp\/v2\/pages\/609\/revisions"}],"predecessor-version":[{"id":12364,"href":"https:\/\/baticlick.com\/fr\/wp-json\/wp\/v2\/pages\/609\/revisions\/12364"}],"wp:attachment":[{"href":"https:\/\/baticlick.com\/fr\/wp-json\/wp\/v2\/media?parent=609"}],"curies":[{"name":"wp","href":"https:\/\/api.w.org\/{rel}","templated":true}]}}