{"id":14719,"date":"2026-04-05T08:37:46","date_gmt":"2026-04-05T08:37:46","guid":{"rendered":"https:\/\/baticlick.com\/?post_type=product&#038;p=14719"},"modified":"2026-04-05T08:37:46","modified_gmt":"2026-04-05T08:37:46","slug":"scie-circulaire-bosch","status":"publish","type":"product","link":"https:\/\/baticlick.com\/fr\/produit\/scie-circulaire-bosch\/","title":{"rendered":"Scie circulaire Bosch"},"content":{"rendered":"<p>Scie circulaire Bosch PKS 55 a.<\/p>\n<p>Fonctionne encore tr\u00e8s bien. Tr\u00e8s bon \u00e9tat.<\/p>\n<p>\u00c0 venir chercher sur place. Prix : 50 euros.<\/p>","protected":false},"excerpt":{"rendered":"<p>Scie circulaire Bosch PKS 55 a. Fonctionne encore tr\u00e8s bien. Tr\u00e8s bon \u00e9tat. \u00c0 venir chercher sur place. Prix : 50 euros.<\/p>","protected":false},"featured_media":14720,"comment_status":"open","ping_status":"closed","template":"","meta":[],"product_cat":[136,135,129],"product_tag":[139,137,138],"class_list":{"0":"post-14719","1":"product","2":"type-product","3":"status-publish","4":"has-post-thumbnail","6":"product_cat-carpentry","7":"product_cat-construction","8":"product_cat-second-hands-products","9":"product_tag-bosch","10":"product_tag-carpentry","11":"product_tag-scie-circulaire","13":"first","14":"instock","15":"purchasable","16":"product-type-simple"},"_links":{"self":[{"href":"https:\/\/baticlick.com\/fr\/wp-json\/wp\/v2\/product\/14719","targetHints":{"allow":["GET"]}}],"collection":[{"href":"https:\/\/baticlick.com\/fr\/wp-json\/wp\/v2\/product"}],"about":[{"href":"https:\/\/baticlick.com\/fr\/wp-json\/wp\/v2\/types\/product"}],"replies":[{"embeddable":true,"href":"https:\/\/baticlick.com\/fr\/wp-json\/wp\/v2\/comments?post=14719"}],"wp:featuredmedia":[{"embeddable":true,"href":"https:\/\/baticlick.com\/fr\/wp-json\/wp\/v2\/media\/14720"}],"wp:attachment":[{"href":"https:\/\/baticlick.com\/fr\/wp-json\/wp\/v2\/media?parent=14719"}],"wp:term":[{"taxonomy":"product_cat","embeddable":true,"href":"https:\/\/baticlick.com\/fr\/wp-json\/wp\/v2\/product_cat?post=14719"},{"taxonomy":"product_tag","embeddable":true,"href":"https:\/\/baticlick.com\/fr\/wp-json\/wp\/v2\/product_tag?post=14719"}],"curies":[{"name":"wp","href":"https:\/\/api.w.org\/{rel}","templated":true}]}}