{"id":14723,"date":"2026-04-05T08:51:53","date_gmt":"2026-04-05T08:51:53","guid":{"rendered":"https:\/\/baticlick.com\/?post_type=product&#038;p=14723"},"modified":"2026-04-05T08:51:53","modified_gmt":"2026-04-05T08:51:53","slug":"scarificateur-gardena","status":"publish","type":"product","link":"https:\/\/baticlick.com\/fr\/produit\/scarificateur-gardena\/","title":{"rendered":"Scarificateur Gardena"},"content":{"rendered":"<p>Gardena combisystem r\u00e2teau-scarificateur (35 cm, sans manche). Le scarificateur Combisystem Gardena est un outil 2-en-1 complet avec diff\u00e9rentes rang\u00e9es de dents.<\/p>\n<p>Encore en tr\u00e8s bon \u00e9tat.<\/p>\n<p>\u00c0 venir chercher sur place. Prix : 20 euros.<\/p>","protected":false},"excerpt":{"rendered":"<p>Gardena combisystem r\u00e2teau-scarificateur (35 cm, sans manche). Le scarificateur Combisystem Gardena est un outil 2-en-1 complet avec diff\u00e9rentes rang\u00e9es de dents. Encore en tr\u00e8s bon \u00e9tat. \u00c0 venir chercher sur place. Prix : 20 euros.<\/p>","protected":false},"featured_media":14724,"comment_status":"open","ping_status":"closed","template":"","meta":[],"product_cat":[142,129],"product_tag":[143,144],"class_list":{"0":"post-14723","1":"product","2":"type-product","3":"status-publish","4":"has-post-thumbnail","6":"product_cat-gardening","7":"product_cat-second-hands-products","8":"product_tag-gardening","9":"product_tag-lawn-scarifier","11":"first","12":"instock","13":"purchasable","14":"product-type-simple"},"_links":{"self":[{"href":"https:\/\/baticlick.com\/fr\/wp-json\/wp\/v2\/product\/14723","targetHints":{"allow":["GET"]}}],"collection":[{"href":"https:\/\/baticlick.com\/fr\/wp-json\/wp\/v2\/product"}],"about":[{"href":"https:\/\/baticlick.com\/fr\/wp-json\/wp\/v2\/types\/product"}],"replies":[{"embeddable":true,"href":"https:\/\/baticlick.com\/fr\/wp-json\/wp\/v2\/comments?post=14723"}],"wp:featuredmedia":[{"embeddable":true,"href":"https:\/\/baticlick.com\/fr\/wp-json\/wp\/v2\/media\/14724"}],"wp:attachment":[{"href":"https:\/\/baticlick.com\/fr\/wp-json\/wp\/v2\/media?parent=14723"}],"wp:term":[{"taxonomy":"product_cat","embeddable":true,"href":"https:\/\/baticlick.com\/fr\/wp-json\/wp\/v2\/product_cat?post=14723"},{"taxonomy":"product_tag","embeddable":true,"href":"https:\/\/baticlick.com\/fr\/wp-json\/wp\/v2\/product_tag?post=14723"}],"curies":[{"name":"wp","href":"https:\/\/api.w.org\/{rel}","templated":true}]}}