{"id":14731,"date":"2026-04-05T11:53:38","date_gmt":"2026-04-05T11:53:38","guid":{"rendered":"https:\/\/baticlick.com\/?post_type=product&#038;p=14731"},"modified":"2026-04-05T11:53:38","modified_gmt":"2026-04-05T11:53:38","slug":"cisaille-a-longues-lames","status":"publish","type":"product","link":"https:\/\/baticlick.com\/fr\/produit\/cisaille-a-longues-lames\/","title":{"rendered":"Cisaille \u00e0 longues lames"},"content":{"rendered":"<p>Cisaille \u00e0 longues lames. En bon \u00e9tat.<\/p>\n<p>\u00c0 venir chercher sur place. Prix : 12 euros.<\/p>","protected":false},"excerpt":{"rendered":"<p>Cisaille \u00e0 longues lames. En bon \u00e9tat. \u00c0 venir chercher sur place. Prix : 12 euros.<\/p>","protected":false},"featured_media":14732,"comment_status":"open","ping_status":"closed","template":"","meta":[],"product_cat":[142,129],"product_tag":[150],"class_list":{"0":"post-14731","1":"product","2":"type-product","3":"status-publish","4":"has-post-thumbnail","6":"product_cat-gardening","7":"product_cat-second-hands-products","8":"product_tag-long-shear","10":"first","11":"instock","12":"purchasable","13":"product-type-simple"},"_links":{"self":[{"href":"https:\/\/baticlick.com\/fr\/wp-json\/wp\/v2\/product\/14731","targetHints":{"allow":["GET"]}}],"collection":[{"href":"https:\/\/baticlick.com\/fr\/wp-json\/wp\/v2\/product"}],"about":[{"href":"https:\/\/baticlick.com\/fr\/wp-json\/wp\/v2\/types\/product"}],"replies":[{"embeddable":true,"href":"https:\/\/baticlick.com\/fr\/wp-json\/wp\/v2\/comments?post=14731"}],"wp:featuredmedia":[{"embeddable":true,"href":"https:\/\/baticlick.com\/fr\/wp-json\/wp\/v2\/media\/14732"}],"wp:attachment":[{"href":"https:\/\/baticlick.com\/fr\/wp-json\/wp\/v2\/media?parent=14731"}],"wp:term":[{"taxonomy":"product_cat","embeddable":true,"href":"https:\/\/baticlick.com\/fr\/wp-json\/wp\/v2\/product_cat?post=14731"},{"taxonomy":"product_tag","embeddable":true,"href":"https:\/\/baticlick.com\/fr\/wp-json\/wp\/v2\/product_tag?post=14731"}],"curies":[{"name":"wp","href":"https:\/\/api.w.org\/{rel}","templated":true}]}}