{"id":14733,"date":"2026-04-05T12:03:48","date_gmt":"2026-04-05T12:03:48","guid":{"rendered":"https:\/\/baticlick.com\/?post_type=product&#038;p=14733"},"modified":"2026-04-05T12:05:00","modified_gmt":"2026-04-05T12:05:00","slug":"beche-de-terrassement","status":"publish","type":"product","link":"https:\/\/baticlick.com\/fr\/produit\/beche-de-terrassement\/","title":{"rendered":"B\u00eache de terrassement"},"content":{"rendered":"<p>B\u00eache de terrassement en bon \u00e9tat.<\/p>\n<p>\u00c0 venir chercher sur place. Prix : 25 euros.<\/p>","protected":false},"excerpt":{"rendered":"<p>B\u00eache de terrassement en bon \u00e9tat. \u00c0 venir chercher sur place. Prix : 25 euros.<\/p>","protected":false},"featured_media":14734,"comment_status":"open","ping_status":"closed","template":"","meta":[],"product_cat":[135,129],"product_tag":[151],"class_list":{"0":"post-14733","1":"product","2":"type-product","3":"status-publish","4":"has-post-thumbnail","6":"product_cat-construction","7":"product_cat-second-hands-products","8":"product_tag-spade","10":"first","11":"instock","12":"shipping-taxable","13":"purchasable","14":"product-type-simple"},"_links":{"self":[{"href":"https:\/\/baticlick.com\/fr\/wp-json\/wp\/v2\/product\/14733","targetHints":{"allow":["GET"]}}],"collection":[{"href":"https:\/\/baticlick.com\/fr\/wp-json\/wp\/v2\/product"}],"about":[{"href":"https:\/\/baticlick.com\/fr\/wp-json\/wp\/v2\/types\/product"}],"replies":[{"embeddable":true,"href":"https:\/\/baticlick.com\/fr\/wp-json\/wp\/v2\/comments?post=14733"}],"wp:featuredmedia":[{"embeddable":true,"href":"https:\/\/baticlick.com\/fr\/wp-json\/wp\/v2\/media\/14734"}],"wp:attachment":[{"href":"https:\/\/baticlick.com\/fr\/wp-json\/wp\/v2\/media?parent=14733"}],"wp:term":[{"taxonomy":"product_cat","embeddable":true,"href":"https:\/\/baticlick.com\/fr\/wp-json\/wp\/v2\/product_cat?post=14733"},{"taxonomy":"product_tag","embeddable":true,"href":"https:\/\/baticlick.com\/fr\/wp-json\/wp\/v2\/product_tag?post=14733"}],"curies":[{"name":"wp","href":"https:\/\/api.w.org\/{rel}","templated":true}]}}