{"id":14738,"date":"2026-04-05T12:09:55","date_gmt":"2026-04-05T12:09:55","guid":{"rendered":"https:\/\/baticlick.com\/?post_type=product&#038;p=14738"},"modified":"2026-04-05T12:09:55","modified_gmt":"2026-04-05T12:09:55","slug":"beche-de-jardin","status":"publish","type":"product","link":"https:\/\/baticlick.com\/fr\/produit\/beche-de-jardin\/","title":{"rendered":"B\u00eache de jardin"},"content":{"rendered":"<p>B\u00eache de jardin en bon \u00e9tat. Manche en bois.<\/p>\n<p>\u00c0 venir chercher sur place. Prix : 10 euros.<\/p>","protected":false},"excerpt":{"rendered":"<p>B\u00eache de jardin en bon \u00e9tat. Manche en bois. \u00c0 venir chercher sur place. Prix : 10 euros.<\/p>","protected":false},"featured_media":14739,"comment_status":"open","ping_status":"closed","template":"","meta":[],"product_cat":[135,142,129],"product_tag":[151],"class_list":{"0":"post-14738","1":"product","2":"type-product","3":"status-publish","4":"has-post-thumbnail","6":"product_cat-construction","7":"product_cat-gardening","8":"product_cat-second-hands-products","9":"product_tag-spade","11":"first","12":"instock","13":"purchasable","14":"product-type-simple"},"_links":{"self":[{"href":"https:\/\/baticlick.com\/fr\/wp-json\/wp\/v2\/product\/14738","targetHints":{"allow":["GET"]}}],"collection":[{"href":"https:\/\/baticlick.com\/fr\/wp-json\/wp\/v2\/product"}],"about":[{"href":"https:\/\/baticlick.com\/fr\/wp-json\/wp\/v2\/types\/product"}],"replies":[{"embeddable":true,"href":"https:\/\/baticlick.com\/fr\/wp-json\/wp\/v2\/comments?post=14738"}],"wp:featuredmedia":[{"embeddable":true,"href":"https:\/\/baticlick.com\/fr\/wp-json\/wp\/v2\/media\/14739"}],"wp:attachment":[{"href":"https:\/\/baticlick.com\/fr\/wp-json\/wp\/v2\/media?parent=14738"}],"wp:term":[{"taxonomy":"product_cat","embeddable":true,"href":"https:\/\/baticlick.com\/fr\/wp-json\/wp\/v2\/product_cat?post=14738"},{"taxonomy":"product_tag","embeddable":true,"href":"https:\/\/baticlick.com\/fr\/wp-json\/wp\/v2\/product_tag?post=14738"}],"curies":[{"name":"wp","href":"https:\/\/api.w.org\/{rel}","templated":true}]}}