{"id":14708,"date":"2026-04-05T08:03:50","date_gmt":"2026-04-05T08:03:50","guid":{"rendered":"https:\/\/baticlick.com\/?post_type=product&#038;p=14708"},"modified":"2026-04-05T08:10:15","modified_gmt":"2026-04-05T08:10:15","slug":"chevillettes-de-macon","status":"publish","type":"product","link":"https:\/\/baticlick.com\/nl\/product\/chevillettes-de-macon\/","title":{"rendered":"Chevillettes de ma\u00e7on"},"content":{"rendered":"<p>8 chevillettes de ma\u00e7on in goede staat. \u00c0 venir chercher sur place.<\/p>\n<p>Prijs: 25 euro<\/p>","protected":false},"excerpt":{"rendered":"<p>8 chevillettes de ma\u00e7on en bon \u00e9tat. \u00c0 venir chercher sur place. Prix : 25 euros<\/p>","protected":false},"featured_media":14712,"comment_status":"open","ping_status":"closed","template":"","meta":[],"product_cat":[132,129],"product_tag":[134,133],"class_list":{"0":"post-14708","1":"product","2":"type-product","3":"status-publish","4":"has-post-thumbnail","6":"product_cat-masonry","7":"product_cat-second-hands-products","8":"product_tag-chevillettes-de-macon","9":"product_tag-masonry","11":"first","12":"instock","13":"purchasable","14":"product-type-simple"},"_links":{"self":[{"href":"https:\/\/baticlick.com\/nl\/wp-json\/wp\/v2\/product\/14708","targetHints":{"allow":["GET"]}}],"collection":[{"href":"https:\/\/baticlick.com\/nl\/wp-json\/wp\/v2\/product"}],"about":[{"href":"https:\/\/baticlick.com\/nl\/wp-json\/wp\/v2\/types\/product"}],"replies":[{"embeddable":true,"href":"https:\/\/baticlick.com\/nl\/wp-json\/wp\/v2\/comments?post=14708"}],"wp:featuredmedia":[{"embeddable":true,"href":"https:\/\/baticlick.com\/nl\/wp-json\/wp\/v2\/media\/14712"}],"wp:attachment":[{"href":"https:\/\/baticlick.com\/nl\/wp-json\/wp\/v2\/media?parent=14708"}],"wp:term":[{"taxonomy":"product_cat","embeddable":true,"href":"https:\/\/baticlick.com\/nl\/wp-json\/wp\/v2\/product_cat?post=14708"},{"taxonomy":"product_tag","embeddable":true,"href":"https:\/\/baticlick.com\/nl\/wp-json\/wp\/v2\/product_tag?post=14708"}],"curies":[{"name":"wp","href":"https:\/\/api.w.org\/{rel}","templated":true}]}}