{"id":14713,"date":"2026-04-05T08:25:34","date_gmt":"2026-04-05T08:25:34","guid":{"rendered":"https:\/\/baticlick.com\/?post_type=product&#038;p=14713"},"modified":"2026-04-05T08:43:07","modified_gmt":"2026-04-05T08:43:07","slug":"casque-de-chantier-protection-anti-bruit","status":"publish","type":"product","link":"https:\/\/baticlick.com\/nl\/product\/casque-de-chantier-protection-anti-bruit\/","title":{"rendered":"Kettingkast + anti-bruit bescherming"},"content":{"rendered":"<p>Kettingkast + anti-bruit bescherming.<\/p>\n<p>Algemene staat van onderhoud. \u00c0 venir chercher sur place.<\/p>","protected":false},"excerpt":{"rendered":"<p>Casque de chantier + protection anti-bruit. Bon \u00e9tat g\u00e9n\u00e9ral. \u00c0 venir chercher sur place.<\/p>","protected":false},"featured_media":14714,"comment_status":"open","ping_status":"closed","template":"","meta":[],"product_cat":[135,129],"product_tag":[140,141],"class_list":{"0":"post-14713","1":"product","2":"type-product","3":"status-publish","4":"has-post-thumbnail","6":"product_cat-construction","7":"product_cat-second-hands-products","8":"product_tag-construction","9":"product_tag-helmet","11":"first","12":"instock","13":"purchasable","14":"product-type-simple"},"_links":{"self":[{"href":"https:\/\/baticlick.com\/nl\/wp-json\/wp\/v2\/product\/14713","targetHints":{"allow":["GET"]}}],"collection":[{"href":"https:\/\/baticlick.com\/nl\/wp-json\/wp\/v2\/product"}],"about":[{"href":"https:\/\/baticlick.com\/nl\/wp-json\/wp\/v2\/types\/product"}],"replies":[{"embeddable":true,"href":"https:\/\/baticlick.com\/nl\/wp-json\/wp\/v2\/comments?post=14713"}],"wp:featuredmedia":[{"embeddable":true,"href":"https:\/\/baticlick.com\/nl\/wp-json\/wp\/v2\/media\/14714"}],"wp:attachment":[{"href":"https:\/\/baticlick.com\/nl\/wp-json\/wp\/v2\/media?parent=14713"}],"wp:term":[{"taxonomy":"product_cat","embeddable":true,"href":"https:\/\/baticlick.com\/nl\/wp-json\/wp\/v2\/product_cat?post=14713"},{"taxonomy":"product_tag","embeddable":true,"href":"https:\/\/baticlick.com\/nl\/wp-json\/wp\/v2\/product_tag?post=14713"}],"curies":[{"name":"wp","href":"https:\/\/api.w.org\/{rel}","templated":true}]}}