{"id":14727,"date":"2026-04-05T11:35:24","date_gmt":"2026-04-05T11:35:24","guid":{"rendered":"https:\/\/baticlick.com\/?post_type=product&#038;p=14727"},"modified":"2026-04-05T11:35:25","modified_gmt":"2026-04-05T11:35:25","slug":"maillet-caoutchouc","status":"publish","type":"product","link":"https:\/\/baticlick.com\/nl\/product\/maillet-caoutchouc\/","title":{"rendered":"Postzegel caoutchouc"},"content":{"rendered":"<p>Kaft caoutchouc. In zeer goede staat.<\/p>\n<p>\u00c0 venir chercher sur place. Prijs: 4 euro.<\/p>","protected":false},"excerpt":{"rendered":"<p>Maillet caoutchouc. En tr\u00e8s bon \u00e9tat. \u00c0 venir chercher sur place. Prix : 4 euros.<\/p>","protected":false},"featured_media":14728,"comment_status":"open","ping_status":"closed","template":"","meta":[],"product_cat":[135,129],"product_tag":[145,146,147],"class_list":{"0":"post-14727","1":"product","2":"type-product","3":"status-publish","4":"has-post-thumbnail","6":"product_cat-construction","7":"product_cat-second-hands-products","8":"product_tag-hammer","9":"product_tag-mallet","10":"product_tag-rubber","12":"first","13":"instock","14":"purchasable","15":"product-type-simple"},"_links":{"self":[{"href":"https:\/\/baticlick.com\/nl\/wp-json\/wp\/v2\/product\/14727","targetHints":{"allow":["GET"]}}],"collection":[{"href":"https:\/\/baticlick.com\/nl\/wp-json\/wp\/v2\/product"}],"about":[{"href":"https:\/\/baticlick.com\/nl\/wp-json\/wp\/v2\/types\/product"}],"replies":[{"embeddable":true,"href":"https:\/\/baticlick.com\/nl\/wp-json\/wp\/v2\/comments?post=14727"}],"wp:featuredmedia":[{"embeddable":true,"href":"https:\/\/baticlick.com\/nl\/wp-json\/wp\/v2\/media\/14728"}],"wp:attachment":[{"href":"https:\/\/baticlick.com\/nl\/wp-json\/wp\/v2\/media?parent=14727"}],"wp:term":[{"taxonomy":"product_cat","embeddable":true,"href":"https:\/\/baticlick.com\/nl\/wp-json\/wp\/v2\/product_cat?post=14727"},{"taxonomy":"product_tag","embeddable":true,"href":"https:\/\/baticlick.com\/nl\/wp-json\/wp\/v2\/product_tag?post=14727"}],"curies":[{"name":"wp","href":"https:\/\/api.w.org\/{rel}","templated":true}]}}